{"id":976,"date":"2024-02-12T12:04:52","date_gmt":"2024-02-12T12:04:52","guid":{"rendered":"https:\/\/ilandgreen.ee\/?page_id=976"},"modified":"2024-02-12T12:14:17","modified_gmt":"2024-02-12T12:14:17","slug":"konid","status":"publish","type":"page","link":"https:\/\/ilandgreen.ee\/en\/konid\/","title":{"rendered":"Cigarette butts"},"content":{"rendered":"<div class=\"bde-globalblock-976-101 bde-globalblock\">\n<div class=\"bde-advanced-tabs-979-180 bde-advanced-tabs\">\n\n\n        \n  \n  \n  <div class=\"bde-tabs__tabslist-container bde-tabs__tabslist-container--scrollable is-horizontal js-tabs-container\">\n    <div class=\"bde-tabs__tabslist bde-tabs__tabslist--tabs js-tablist\" role=\"tablist\" aria-label=\"Content tabs\" aria-orientation=\"horizontal\" data-tabs-id=\"bde-advanced-tabs-979-180\">\n      \n              <button role=\"tab\" aria-selected=\"false\" class=\"bde-tabs__tab js-tab\" aria-controls=\"tab-panel-bde-advanced-tabs-979-180-1\" id=\"tab-bde-advanced-tabs-979-180-1\" data-value=\"1\">\n                    <span class=\"bde-tabs__tab-title\">Buttbins<\/span>\n        <\/button>\n              <button role=\"tab\" aria-selected=\"false\" class=\"bde-tabs__tab js-tab\" aria-controls=\"tab-panel-bde-advanced-tabs-979-180-2\" id=\"tab-bde-advanced-tabs-979-180-2\" data-value=\"2\">\n                    <span class=\"bde-tabs__tab-title\">Kops<\/span>\n        <\/button>\n          <\/div>\n  <\/div>\n\n<div class=\"bde-tabs-content-container\">\n  <div class=\"bde-advanced-tabs-content-979-181 bde-advanced-tabs-content\">\n<div tabindex=\"0\" role=\"tabpanel\" class=\"bde-tabs__panel js-panel\" id=\"\" hidden=\"\" aria-labelledby=\"\">\n  <div class=\"bde-columns-979-182 bde-columns\"><div class=\"bde-column-979-183 bde-column\">\n  \n\t\n\n\n\n<div class=\"bde-image-979-184 bde-image\">\n  \n\n\n\n\n\n<figure class=\"breakdance-image breakdance-image--365\">\n\t<div class=\"breakdance-image-container\">\n\t\t<div class=\"breakdance-image-clip\">\n\t\t\t\n\t\t\t\t\n\t\t\t\t\t      \n  \n  \n  \n  \n      \n      <img loading=\"lazy\" decoding=\"async\"\n      class=\"breakdance-image-object\"\n      src=\"https:\/\/ilandgreen.ee\/wp-content\/uploads\/2024\/01\/konikogujad1.jpg\"\n      width=\"2048\"\n      height=\"1366\"\n      \n      \n                                    srcset=\"https:\/\/ilandgreen.ee\/wp-content\/uploads\/2024\/01\/konikogujad1.jpg 2048w, https:\/\/ilandgreen.ee\/wp-content\/uploads\/2024\/01\/konikogujad1-300x200.jpg 300w, https:\/\/ilandgreen.ee\/wp-content\/uploads\/2024\/01\/konikogujad1-1024x683.jpg 1024w, https:\/\/ilandgreen.ee\/wp-content\/uploads\/2024\/01\/konikogujad1-768x512.jpg 768w, https:\/\/ilandgreen.ee\/wp-content\/uploads\/2024\/01\/konikogujad1-1536x1025.jpg 1536w\"\n                                                                      >\n  \n\n\t\t\t\t\t\n\t\t\t\t\t\t<\/div>\n\t<\/div>\n\n\t<\/figure>\n\n<\/div>\n<\/div><div class=\"bde-column-979-185 bde-column\">\n  \n\t\n\n\n\n<div class=\"bde-rich-text-979-194 bde-rich-text breakdance-rich-text-styles\">\n<p><strong>You can watch the story of Buttbins <\/strong><a target=\"_blank\" rel=\"noopener\" href=\"https:\/\/www.facebook.com\/iLandSound\/videos\/2159460594216374\"><strong>on Facebook<\/strong><\/a><strong>.<\/strong><\/p><p>Cigarette filters are a continuous problem and we are carrying on with the work to make things better. For the festival in 2019 we used old window frames and empty jars to make special collection points for cigarette butts \u2013 buttbins, to keep illiku clean. These buttbins became hugely popular and that encouraged us to take things further and come up with a more efficient design. But we kept one very important detail \u2013 the soup jars!<\/p><p>We didn\u2019t want your traditional trash bins, rather something that would carry the message and raise people\u2019s awareness. We also wanted to know how much people actually know about cigarette butts to gain some insight for future projects. All of this turned into a polling system.<\/p><p>New buttbins are durable and weatherproof, have roofs, spots for putting out the cigarettes and LED-lights. In May and June of 2021 they were out in Tallinn at Balti Jaam and during the time we monitored the polling system, you can find the results below. From there the buttbins travelled to the Patarei sea fortress and illiku, to the I Land Sound 2021 festival, after which they journeyed to new places.&nbsp;<\/p><p>Are cigarette butts a waste? Yes = 70.6% \/ No = 29.4%&nbsp;<\/p><p>Do you think that the pollution caused by cigarette filters is too big of a problem to be solved by a single person? Yes = 65.2% \/ No = 34.8%<\/p><p>Have you ever thrown a cigarette filter into nature? Yes = 73.3% \/ No = 26.7%<\/p><p>Do you think that there are enough environmental awareness projects in Estonia concerning cigarette butt pollution? Yes = 46.2% \/ No = 53.8%<\/p><p>Do cigarette filters contain plastic? Yes = 67.1% \/ No = 32.9%<\/p><p>Are thrown away cigarette filters an insignificant problem? Yes = 62.5% \/ No = 37.5%<\/p><p>Are there enough bins for cigarette butts in Estonia? Yes = 47.1% \/ No = 52.9%<\/p><ul><li><p>Project manager: Kadi Aguraijuja<\/p><\/li><li><p>Cone collectors design author: Laura Pormeister<\/p><\/li><li><p>Craftmanship: Aare P\u00fc\u00fca<\/p><\/li><li><p>Video (to be completed in winter 2021): H\u00f5be Ilus<\/p><\/li><\/ul>\n<\/div>\n<\/div><\/div>\n<\/div>\n\n<\/div><div class=\"bde-advanced-tabs-content-979-187 bde-advanced-tabs-content\">\n<div tabindex=\"0\" role=\"tabpanel\" class=\"bde-tabs__panel js-panel\" id=\"\" hidden=\"\" aria-labelledby=\"\">\n  <div class=\"bde-columns-979-188 bde-columns\"><div class=\"bde-column-979-189 bde-column\">\n  \n\t\n\n\n\n<div class=\"bde-image-979-190 bde-image\">\n  \n\n\n\n\n\n<figure class=\"breakdance-image breakdance-image--136\">\n\t<div class=\"breakdance-image-container\">\n\t\t<div class=\"breakdance-image-clip\">\n\t\t\t\n\t\t\t\t\n\t\t\t\t\t      \n  \n  \n  \n  \n      \n      <img loading=\"lazy\" decoding=\"async\"\n      class=\"breakdance-image-object\"\n      src=\"https:\/\/ilandgreen.ee\/wp-content\/uploads\/2024\/01\/iland1-2.jpg\"\n      width=\"2048\"\n      height=\"1367\"\n      \n      \n                                    srcset=\"https:\/\/ilandgreen.ee\/wp-content\/uploads\/2024\/01\/iland1-2.jpg 2048w, https:\/\/ilandgreen.ee\/wp-content\/uploads\/2024\/01\/iland1-2-300x200.jpg 300w, https:\/\/ilandgreen.ee\/wp-content\/uploads\/2024\/01\/iland1-2-1024x684.jpg 1024w, https:\/\/ilandgreen.ee\/wp-content\/uploads\/2024\/01\/iland1-2-768x513.jpg 768w, https:\/\/ilandgreen.ee\/wp-content\/uploads\/2024\/01\/iland1-2-1536x1025.jpg 1536w\"\n                                                                      >\n  \n\n\t\t\t\t\t\n\t\t\t\t\t\t<\/div>\n\t<\/div>\n\n\t<\/figure>\n\n<\/div>\n<\/div><div class=\"bde-column-979-191 bde-column\">\n  \n\t\n\n\n\n<div class=\"bde-rich-text-979-195 bde-rich-text breakdance-rich-text-styles\">\n<p><strong>Koni is garbage, put garbage in <\/strong><a target=\"_blank\" rel=\"noopener\" href=\"https:\/\/kops.ee\/\"><strong>Kops<\/strong><\/a><strong>!<\/strong><\/p><p>Cigarette butts have become <strong>the biggest source of pollution on land and in the sea<\/strong>. In 2017, just when the first I Land Sound festival packed its bags, <strong>we also faced the same problem<\/strong>\u2013 our beautiful illiku was covered in cigarette butts, even though we had plenty of bins all over the place. After several days of picking up the cigarette filters one by one we understood that this is only a temporary solution and we must find a better way for collecting them. We kept two things in mind \u2013 the smoker is responsible for the leftover filters and everything necessary should fit into the pocket. And that\u2019s how we came up with the idea of a portable cigarette butt container. It became an important part of festival organisation, just as important as having enough portable loos. For the second festival year a pocket-sized, reusable, heat and smell proof cigarette butt container Kops was born. Each year we hand it out to all the smoking guests for free <strong>and our festival site has remained remarkably tidier.<\/strong><\/p><p>Kops has grown up and lives its own life, improving the nature and streetscape outside of our festival area.<\/p>\n<\/div>\n<\/div><\/div>\n<\/div>\n\n<\/div>\n<\/div>\n\n\n<\/div>\n<\/div>","protected":false},"excerpt":{"rendered":"<p>Konikogujad Kops Konikogujate lugu saad vaadata Facebookis.Konireostuse probleem kestab ja j\u00e4tkame t\u00f6\u00f6d, et olukord paraneks. 2019. aasta festivaliks tegime vanadest aknaraamidest ja supipurkidest Konikogujad, et illikut puhtana hoida. Kuna need said meile endalegi \u00fcllatuseks v\u00e4ga menukaks, tekkis m\u00f6te toimiva protot\u00fc\u00fcbi edasiarendusest. Aga \u00fche omase detaili j\u00e4taks kindlasti alles: supipurgi!Me ei tahtnud teha lihtsalt pr\u00fcgikaste, vaid [&hellip;]<\/p>","protected":false},"author":2,"featured_media":0,"parent":0,"menu_order":0,"comment_status":"closed","ping_status":"closed","template":"","meta":{"footnotes":"","_breakdance_hide_in_design_set":false,"_breakdance_tags":""},"_links":{"self":[{"href":"https:\/\/ilandgreen.ee\/en\/wp-json\/wp\/v2\/pages\/976"}],"collection":[{"href":"https:\/\/ilandgreen.ee\/en\/wp-json\/wp\/v2\/pages"}],"about":[{"href":"https:\/\/ilandgreen.ee\/en\/wp-json\/wp\/v2\/types\/page"}],"author":[{"embeddable":true,"href":"https:\/\/ilandgreen.ee\/en\/wp-json\/wp\/v2\/users\/2"}],"replies":[{"embeddable":true,"href":"https:\/\/ilandgreen.ee\/en\/wp-json\/wp\/v2\/comments?post=976"}],"version-history":[{"count":5,"href":"https:\/\/ilandgreen.ee\/en\/wp-json\/wp\/v2\/pages\/976\/revisions"}],"predecessor-version":[{"id":988,"href":"https:\/\/ilandgreen.ee\/en\/wp-json\/wp\/v2\/pages\/976\/revisions\/988"}],"wp:attachment":[{"href":"https:\/\/ilandgreen.ee\/en\/wp-json\/wp\/v2\/media?parent=976"}],"curies":[{"name":"wp","href":"https:\/\/api.w.org\/{rel}","templated":true}]}}