{"id":948,"date":"2024-02-12T11:45:06","date_gmt":"2024-02-12T11:45:06","guid":{"rendered":"https:\/\/ilandgreen.ee\/?page_id=948"},"modified":"2024-03-11T11:02:29","modified_gmt":"2024-03-11T11:02:29","slug":"ringlussevott","status":"publish","type":"page","link":"https:\/\/ilandgreen.ee\/en\/ringlussevott\/","title":{"rendered":"Ringlussev\u00f5tt"},"content":{"rendered":"<style>.breakdance .bde-section-948-100{background-image:url(https:\/\/ilandgreen.ee\/wp-content\/uploads\/2024\/01\/kaasaloojad1-2.jpg);background-position:0.89% 21%}.breakdance .bde-section-948-100>.section-background-overlay{background-color:#00000036;transition:background-color var(--bde-transition-duration) ease-in-out}<\/style><section class=\"bde-section-948-100 bde-section\">\n              \n  \n\t\n\n  <div class=\"section-background-overlay\"><\/div>\n\n\n<div class=\"section-container\"><\/div>\n<\/section><section class=\"bde-section-948-101 bde-section\">\n  \n\t\n\n\n\n<div class=\"section-container\"><div class=\"bde-rich-text-948-102 bde-rich-text breakdance-rich-text-styles\">\n<h2>Recycle<\/h2><p>Recycle is <strong>the third principle of the waste hierarchy<\/strong> nd should be considered if there are no other ways for reducing or reusing. To get the most clean material out of the waste to be recycled, it should be collected by type and delivered to the right place.<\/p><p><strong>A thorough recycling system<\/strong><\/p><p>We have implemented a 6-part waste collection system that includes food waste, paper and cardboard, clean packaging, bottles, cigarette filters and mixed waste. There are about 25 waste collection points on and around the festival area and all the bins are marked accordingly. Later, we sort all the waste into 13-15 different parts in order to get as much clean material as possible. Everything will be taken to the right place, except for cigarette filters and food waste \u2013 these get a special treatment.<\/p><p><strong>Cigarette butts<\/strong><\/p><p>In 2019 we started a series of projects to raise awareness of the pollution caused by cigarette filters. We have tackled the issue with <a href=\"https:\/\/www.kops.ee\/\" target=\"_blank\" rel=\"noopener\">Kops<\/a> that is gifted to each festival guest. Kops stores a whole pack worth of cigarette filters that can be later disposed of at a special collection point. We use the cigarette filters in different projects, that\u2019s why we collect them separately. In our first attempt in 2019 we collected about 5.1 kg which is about 29, 000 cigarette filters. All of them were used to create our first project \u2013 Buttboard, a SUP-board made of cigarette butts.<\/p><p><strong>Fermentation of bio-waste<\/strong><\/p><p>Food scraps are a valuable resource that should find its way back into nature. Our partner <a href=\"https:\/\/nutriloop.org\/et\/\" target=\"_blank\" rel=\"noopener\">Nutriloop<\/a>gathers all leftovers from caterers, guests and the team kitchen and uses regenerative Bokashi method to turn them into nutritious fertilisers. These products are used in the I Land Green plant bed to grow produce for next year\u2019s festival. However, there\u2019s no way for us to use all of the fertiliser, so Nutriloop gives most of it to farmers.<\/p><p><strong>Weighing the waste and collecting data<\/strong><\/p><p>In addition to diligent waste sorting, we also weigh all the collected waste by type and collect the corresponding data. This helps us to get a clear understanding of the impact our activities have and what we could do to make things even better.<\/p>\n<\/div><\/div>\n<\/section>","protected":false},"excerpt":{"rendered":"<p>Ringlussev\u00f6ttRinglussev\u00f6tt on j\u00e4\u00e4tmehierarhia kolmas printsiip ja seda tuleb kaaluda alles siis, kui tegevusi j\u00e4\u00e4tmete v\u00e4hendamiseks ja korduskasutuseks enam ei ole. Selleks, et j\u00e4\u00e4tmetest v\u00f6imalikult palju puhast materjali k\u00e4tte saada, et see ringlusse saata, tuleb neid koguda liigiti ja \u00f6igesse kohta toimetada.P\u00f6hjalik pr\u00fcgisorteerimiss\u00fcsteemK\u00fclaliste jaoks oleme korraldanud 6-osalise liigiti kogumise s\u00fcsteemi, kuhu kuuluvad toiduj\u00e4\u00e4tmed, papp ja paber, [&hellip;]<\/p>","protected":false},"author":2,"featured_media":352,"parent":0,"menu_order":0,"comment_status":"closed","ping_status":"closed","template":"","meta":{"footnotes":"","_breakdance_hide_in_design_set":false,"_breakdance_tags":""},"_links":{"self":[{"href":"https:\/\/ilandgreen.ee\/en\/wp-json\/wp\/v2\/pages\/948"}],"collection":[{"href":"https:\/\/ilandgreen.ee\/en\/wp-json\/wp\/v2\/pages"}],"about":[{"href":"https:\/\/ilandgreen.ee\/en\/wp-json\/wp\/v2\/types\/page"}],"author":[{"embeddable":true,"href":"https:\/\/ilandgreen.ee\/en\/wp-json\/wp\/v2\/users\/2"}],"replies":[{"embeddable":true,"href":"https:\/\/ilandgreen.ee\/en\/wp-json\/wp\/v2\/comments?post=948"}],"version-history":[{"count":5,"href":"https:\/\/ilandgreen.ee\/en\/wp-json\/wp\/v2\/pages\/948\/revisions"}],"predecessor-version":[{"id":1700,"href":"https:\/\/ilandgreen.ee\/en\/wp-json\/wp\/v2\/pages\/948\/revisions\/1700"}],"wp:featuredmedia":[{"embeddable":true,"href":"https:\/\/ilandgreen.ee\/en\/wp-json\/wp\/v2\/media\/352"}],"wp:attachment":[{"href":"https:\/\/ilandgreen.ee\/en\/wp-json\/wp\/v2\/media?parent=948"}],"curies":[{"name":"wp","href":"https:\/\/api.w.org\/{rel}","templated":true}]}}