{"id":942,"date":"2024-02-12T11:44:00","date_gmt":"2024-02-12T11:44:00","guid":{"rendered":"https:\/\/ilandgreen.ee\/?page_id=942"},"modified":"2024-03-11T11:01:45","modified_gmt":"2024-03-11T11:01:45","slug":"korduskasutamine","status":"publish","type":"page","link":"https:\/\/ilandgreen.ee\/en\/korduskasutamine\/","title":{"rendered":"Reuse"},"content":{"rendered":"<section class=\"bde-section-942-100 bde-section\">\n  \n\t\n\n\n\n<div class=\"section-container\"><\/div>\n<\/section><section class=\"bde-section-942-101 bde-section\">\n  \n\t\n\n\n\n<div class=\"section-container\"><div class=\"bde-rich-text-942-102 bde-rich-text breakdance-rich-text-styles\">\n<h2>Reuse<\/h2><p>The second most <strong>important step in the waste hierarchy is how we can reuse things.<\/strong> Working with limited resources encourages us to search and create new ways of doing things and gets the creative juices flowing. There are a lot of things, that lose their value over time, being produced and consumed around us, but old things can be given new life. And when you create something then do it in a way, that it would last.\u00a0<\/p><p><strong>Scraps, second-hand items and defective product<\/strong><\/p><p>We use as many scraps, second-hand things and defective products as possible for decorations and art objects and in creating different areas. For example, in 2017 we built multiple festival bars out of reed and crooked scraps from sawmills and the booths in the food area are made out of defected plywood. We also try to use paint leftovers from production and test colours whenever possible. All the furniture that is used during the festival is also rounded up from all over the place and restored. Our art team works all year to find and gather up materials and things that are suitable for reusing, and to give them a fresh new look.<\/p><p><strong>Sustainable design<\/strong><\/p><p>All the bars, benches, tables, etc. are designed and built by our team and artists who work with us. The purpose is to create designs that are permanent and suitable to the environment. The festival stages are also built by us. In 2019 we built a whole street worth of booths for the food area and a rental point and dishwashing cart for the tableware. All the things that can\u2019t handle the weather in autumn and winter will be disassembled and stored after the festival to be used again next year.<\/p><p><strong>Durable decorations and art<\/strong><\/p><p>The one very important condition for the art that is created for the festival, is that it\u2019s not made for one time only. This applies to both the decorations made by our own team and to all the creations and art that come from outside sources. The works must be durable, reusable and weatherproof and natural materials should be used. After the event all the decorations and art will be stored at our deco-storage for next year.<\/p><p><strong>Signs<\/strong><\/p><p>All the signs at the festival are hand-painted by our artists every year on the same reusable wooden placards collected from the local waste station at Maasi in 2017. Right now, there\u2019s about 100 of those.<\/p>\n<\/div><\/div>\n<\/section>","protected":false},"excerpt":{"rendered":"<p>KorduskasutamineJ\u00e4\u00e4tmehierarhia teine oluline osa on: kuidas saame korduskasutada? Piiratud ressurssidega toimetamine julgustab otsima ja paneb looma. Meie \u00fcmber toodetakse ja tarbitakse paljut, mis ajapikku kaotab v\u00e4\u00e4rtust v\u00f6i huvi, ent vanadele asjadele saab anda uue elu. Ja kui midagi luua, siis viisil, et see kestaks.\u00a0J\u00e4\u00e4gid, kasutatud asjad ja defektiga tootedKasutame dekoratsioonideks, kunstiobjektideks ja erinevate alade loomiseks [&hellip;]<\/p>","protected":false},"author":2,"featured_media":0,"parent":0,"menu_order":0,"comment_status":"closed","ping_status":"closed","template":"","meta":{"footnotes":"","_breakdance_hide_in_design_set":false,"_breakdance_tags":""},"_links":{"self":[{"href":"https:\/\/ilandgreen.ee\/en\/wp-json\/wp\/v2\/pages\/942"}],"collection":[{"href":"https:\/\/ilandgreen.ee\/en\/wp-json\/wp\/v2\/pages"}],"about":[{"href":"https:\/\/ilandgreen.ee\/en\/wp-json\/wp\/v2\/types\/page"}],"author":[{"embeddable":true,"href":"https:\/\/ilandgreen.ee\/en\/wp-json\/wp\/v2\/users\/2"}],"replies":[{"embeddable":true,"href":"https:\/\/ilandgreen.ee\/en\/wp-json\/wp\/v2\/comments?post=942"}],"version-history":[{"count":5,"href":"https:\/\/ilandgreen.ee\/en\/wp-json\/wp\/v2\/pages\/942\/revisions"}],"predecessor-version":[{"id":1699,"href":"https:\/\/ilandgreen.ee\/en\/wp-json\/wp\/v2\/pages\/942\/revisions\/1699"}],"wp:attachment":[{"href":"https:\/\/ilandgreen.ee\/en\/wp-json\/wp\/v2\/media?parent=942"}],"curies":[{"name":"wp","href":"https:\/\/api.w.org\/{rel}","templated":true}]}}