{"id":902,"date":"2024-02-12T12:03:46","date_gmt":"2024-02-12T12:03:46","guid":{"rendered":"https:\/\/ilandgreen.ee\/?page_id=902"},"modified":"2025-01-09T09:28:31","modified_gmt":"2025-01-09T09:28:31","slug":"jaatmering-2","status":"publish","type":"page","link":"https:\/\/ilandgreen.ee\/en\/jaatmering-2\/","title":{"rendered":"Waste cycle"},"content":{"rendered":"<section class=\"bde-section-902-102 bde-section\">\n  \n\t\n\n\n\n<div class=\"section-container\"><\/div>\n<\/section><section class=\"bde-section-902-100 bde-section\">\n  \n\t\n\n\n\n<div class=\"section-container\"><div class=\"bde-rich-text-902-101 bde-rich-text breakdance-rich-text-styles\">\n<h2>Waste cycle<\/h2><p>We developed a 6-part recycling system for the 2019 festival and for the first time created a waste management team that was led by two aces in the field. <strong>The purpose of the sorting system <\/strong>is to get as much clean material from the waste as possible in order to recycle it. Let\u2019s clear some things up a little. The difference between recycling and reusing is that the first doesn\u2019t include burning the waste to produce energy, but reprocessing it in such a way that a new cycle of use is created. Since we were already putting so much effort into it, we got curious, what happens to our litter. We started to investigate <strong>what are the options for waste recycling in Estonia<\/strong> and based on that, what could one possible route of the waste, that is generated at our festival, look like. This process took us on a long journey to different places around Estonia and the waste recycling video is the outcome of this adventure.\u00a0\u00a0<\/p><p>Efficient recycling is connected to the <strong>circular economy model<\/strong>. Current linear model, also known as the produce-consume-throw away model, is not sustainable as Earth\u2019s resources are limited. And since the manufacturers do not pay attention to how and to what extent the product could be recycled later on, it also generates insane amounts of useless waste which has become one of the most pressing environmental problems. The circular economy model however, prioritises <strong>preventing the waste production in the first place.<\/strong>The solutions for reusing <strong>are a second option. <\/strong>This means that the design of the materials and products has to consider ways for repurposing the product later on, all the while minimising the production of litter, incineration of waste and deposition of it in the environment. The waste is recycled <strong>only when there are no other ways for reducing or reusing.<\/strong>.<\/p><p>We are at the beginning of the transition. Right now, <strong>only <\/strong><a href=\"https:\/\/www.stat.ee\/et\/avasta-statistikat\/valdkonnad\/keskkond\/jaatmed-ja-ringmajandus\" target=\"_blank\" rel=\"noopener\"><strong>28%<\/strong><\/a><strong>.<\/strong> of mixed waste is recycled in Estonia. Most of it travels to the Iru power plant to be burned. It\u2019s better than accumulating but overall not a viable solution. The objectives set by the European Union aren\u2019t achievable if more waste isn\u2019t sorted and recycled than before, especially biodegradable and plastic waste. And at the same time circular economy is a way to turn environmental problems into economical opportunities and develop new business models that would benefit both the environment and us.<\/p><p>Although Estonia\u2019s capability of recycling is limited, there are plenty of organisations that give their best to do just that and our project is the living proof of it. With the help of these businesses we can show you <strong>where we\u2019re headed. We would like to thank all the companies who joined us in the making of this waste video: Eesti Pakendiringlus O\u00dc, Nutriloop O\u00dc, Paikre O\u00dc, Neular O\u00dc, Krynicki Glass Recycling O\u00dc, O-I Estonia AS, R\u00e4pina Paberivabrik AS and Nelit\u00e4ht O\u00dc.<\/strong>We would like to thank all the companies who joined us in the making of this waste video: <a href=\"https:\/\/pakendiringlus.ee\/\" target=\"_blank\" rel=\"noopener\">Eesti Pakendiringlus O\u00dc<\/a>, <a href=\"https:\/\/nutriloop.org\/et\/\" target=\"_blank\" rel=\"noopener\">Nutriloop O\u00dc<\/a>, <a href=\"https:\/\/paikre.ee\/\" target=\"_blank\" rel=\"noopener\">Paikre O\u00dc<\/a>, <a href=\"https:\/\/www.neular.ee\/\" target=\"_blank\" rel=\"noopener\">Neular O\u00dc<\/a>, Krynicki Glass Recycling O\u00dc <a href=\"https:\/\/www.o-i.com\/\" target=\"_blank\" rel=\"noopener\">O-I Estonia AS<\/a>, <a href=\"https:\/\/www.rappin.ee\/\" target=\"_blank\" rel=\"noopener\">R\u00e4pina Paberivabrik AS<\/a> and Nelit\u00e4ht O\u00dc. Look at the video <a href=\"https:\/\/www.youtube.com\/watch?v=kAhY_qZmn7U&amp;ab_channel=PIIDIVABRIK\" target=\"_blank\" rel=\"noopener\" data-wplink-edit=\"true\">in Youtube. <\/a><\/p><p>Project manager: Kadi Aguraijuja<\/p><p>Video: Dima Kalenda<\/p><p>Narrator: Riho V\u00e4strik<\/p><p>Drone shots: Tanel Luige<\/p><p>\u00a0<\/p>\n<\/div><div class=\"bde-button-902-104 bde-button\">\n    \n                                    \n    \n    \n    \n    \n            \n                    \n            \n            \n\n    \n    \n    \n    \n    <a class=\"breakdance-link button-atom button-atom--text bde-button__button\" href=\"https:\/\/www.youtube.com\/watch?v=kAhY_qZmn7U&ab_channel=PIIDIVABRIK\" target=\"_blank\" data-type=\"url\"  >\n\n    \n        <span class=\"button-atom__text\">Vaata videot Youtubeist<\/span>\n\n        \n        \n                <\/a>\n\n    \n\n\n<\/div><\/div>\n<\/section>","protected":false},"excerpt":{"rendered":"<p>J\u00e4\u00e4tmering2019. aasta festivaliks valmis meil p\u00f6hjalik, 6-osaline j\u00e4\u00e4tmete liigiti kogumise s\u00fcsteem. Samuti l\u00f6ime esimest korda j\u00e4\u00e4tmemeeskonna, kelle eesotsa panime kaks oma ala tegijat, kes kohapeal v\u00e4gesid juhatasid. Sorteerimise eesm\u00e4rgiks on j\u00e4\u00e4tmetest k\u00e4tte saada v\u00f6imalikult palju puhast materjali, et see ringlusse saata. Et selgitada termineid, siis ringlussev\u00f6tu (recycling) ja taaskasutuse vahe seisneb selles, et esimese alla [&hellip;]<\/p>","protected":false},"author":2,"featured_media":0,"parent":0,"menu_order":0,"comment_status":"closed","ping_status":"closed","template":"","meta":{"footnotes":"","_breakdance_hide_in_design_set":false,"_breakdance_tags":""},"_links":{"self":[{"href":"https:\/\/ilandgreen.ee\/en\/wp-json\/wp\/v2\/pages\/902"}],"collection":[{"href":"https:\/\/ilandgreen.ee\/en\/wp-json\/wp\/v2\/pages"}],"about":[{"href":"https:\/\/ilandgreen.ee\/en\/wp-json\/wp\/v2\/types\/page"}],"author":[{"embeddable":true,"href":"https:\/\/ilandgreen.ee\/en\/wp-json\/wp\/v2\/users\/2"}],"replies":[{"embeddable":true,"href":"https:\/\/ilandgreen.ee\/en\/wp-json\/wp\/v2\/comments?post=902"}],"version-history":[{"count":5,"href":"https:\/\/ilandgreen.ee\/en\/wp-json\/wp\/v2\/pages\/902\/revisions"}],"predecessor-version":[{"id":1777,"href":"https:\/\/ilandgreen.ee\/en\/wp-json\/wp\/v2\/pages\/902\/revisions\/1777"}],"wp:attachment":[{"href":"https:\/\/ilandgreen.ee\/en\/wp-json\/wp\/v2\/media?parent=902"}],"curies":[{"name":"wp","href":"https:\/\/api.w.org\/{rel}","templated":true}]}}