{"id":890,"date":"2024-02-09T12:21:23","date_gmt":"2024-02-09T12:21:23","guid":{"rendered":"https:\/\/ilandgreen.ee\/?page_id=890"},"modified":"2024-07-12T09:16:09","modified_gmt":"2024-07-12T09:16:09","slug":"kaasaloojad","status":"publish","type":"page","link":"https:\/\/ilandgreen.ee\/en\/kaasaloojad\/","title":{"rendered":"Kaasal\u00f6\u00f6jad"},"content":{"rendered":"<section class=\"bde-section-890-123 bde-section\">\n              \n  \n\t\n\n  <div class=\"section-background-overlay\"><\/div>\n\n\n<div class=\"section-container\"><\/div>\n<\/section><section class=\"bde-section-890-101 bde-section\">\n  \n\t\n\n\n\n<div class=\"section-container\"><div class=\"bde-rich-text-890-120 bde-rich-text breakdance-rich-text-styles\">\n<h1>Thanks to the partners and contributors,<\/h1>\n<\/div><div class=\"bde-rich-text-890-124 bde-rich-text breakdance-rich-text-styles\">\n<p>We have grown and evolved greatly thanks to our amazing partners. Each year we try to include new organisations and companies, who share our values, to carry out new projects and activities to make the message louder and clearer.&nbsp;&nbsp;<\/p>\n<\/div><div class=\"bde-rich-text-890-104 bde-rich-text breakdance-rich-text-styles\">\n<h2>I Land Green is supported by:<\/h2>\n<\/div><div class=\"bde-logo-list-890-112 bde-logo-list gradient-overlay__both un-static-image-grid\">\n\n                    <div class=\"un-logo-bar__logo-wrapper\">\n                \n  \n  \n  \n  \n      \n      <img loading=\"lazy\" decoding=\"async\"\n      class=\"breakdance-image-object\"\n      src=\"https:\/\/ilandgreen.ee\/wp-content\/uploads\/2024\/02\/logo_eestimaaulikool1.png\"\n      width=\"862\"\n      height=\"118\"\n      \n      \n                                    srcset=\"https:\/\/ilandgreen.ee\/wp-content\/uploads\/2024\/02\/logo_eestimaaulikool1.png 862w, https:\/\/ilandgreen.ee\/wp-content\/uploads\/2024\/02\/logo_eestimaaulikool1-300x41.png 300w, https:\/\/ilandgreen.ee\/wp-content\/uploads\/2024\/02\/logo_eestimaaulikool1-768x105.png 768w\"\n                                                                      >\n  \n        <\/div>\n                <\/div><div class=\"bde-rich-text-890-110 bde-rich-text breakdance-rich-text-styles\">\n<h2>Partners:<\/h2>\n<\/div><div class=\"bde-logo-list-890-111 bde-logo-list gradient-overlay__both un-static-image-grid\">\n\n                    <div class=\"un-logo-bar__logo-wrapper\">\n                \n  \n  \n  \n  \n      \n      <img loading=\"lazy\" decoding=\"async\"\n      class=\"breakdance-image-object\"\n      src=\"https:\/\/ilandgreen.ee\/wp-content\/uploads\/2024\/02\/Uuskasutuskeskus.png\"\n      width=\"150\"\n      height=\"150\"\n      \n      \n                                                                  >\n  \n        <\/div>\n                                  \n            \n            \n\n    \n    \n    \n    \n    <a class=\"breakdance-link un-logo-bar__logo-wrapper\" href=\"https:\/\/www.neste.ee\/ee\/nestemy\" target=\"_blank\" data-type=\"url\"  >\n\n        \t      \n  \n  \n  \n  \n      \n      <img loading=\"lazy\" decoding=\"async\"\n      class=\"breakdance-image-object\"\n      src=\"https:\/\/ilandgreen.ee\/wp-content\/uploads\/2024\/07\/Neste.png\"\n      width=\"150\"\n      height=\"150\"\n      \n      \n                                    srcset=\"https:\/\/ilandgreen.ee\/wp-content\/uploads\/2024\/07\/Neste.png 150w, https:\/\/ilandgreen.ee\/wp-content\/uploads\/2024\/07\/Neste-12x12.png 12w\"\n                                                                      >\n  \n     \t    <\/a>\n\n                          <div class=\"un-logo-bar__logo-wrapper\">\n                \n  \n  \n  \n  \n      \n      <img loading=\"lazy\" decoding=\"async\"\n      class=\"breakdance-image-object\"\n      src=\"https:\/\/ilandgreen.ee\/wp-content\/uploads\/2024\/02\/Topsiring.png\"\n      width=\"150\"\n      height=\"150\"\n      \n      \n                                                                  >\n  \n        <\/div>\n                          <div class=\"un-logo-bar__logo-wrapper\">\n                \n  \n  \n  \n  \n      \n      <img loading=\"lazy\" decoding=\"async\"\n      class=\"breakdance-image-object\"\n      src=\"https:\/\/ilandgreen.ee\/wp-content\/uploads\/2024\/02\/Kops.png\"\n      width=\"150\"\n      height=\"150\"\n      \n      \n                                                                  >\n  \n        <\/div>\n                          <div class=\"un-logo-bar__logo-wrapper\">\n                \n  \n  \n  \n  \n      \n      <img loading=\"lazy\" decoding=\"async\"\n      class=\"breakdance-image-object\"\n      src=\"https:\/\/ilandgreen.ee\/wp-content\/uploads\/2024\/02\/mulieres.png\"\n      width=\"150\"\n      height=\"150\"\n      \n      \n                                                                  >\n  \n        <\/div>\n                          <div class=\"un-logo-bar__logo-wrapper\">\n                \n  \n  \n  \n  \n      \n      <img loading=\"lazy\" decoding=\"async\"\n      class=\"breakdance-image-object\"\n      src=\"https:\/\/ilandgreen.ee\/wp-content\/uploads\/2024\/02\/illiku.png\"\n      width=\"150\"\n      height=\"150\"\n      \n      \n                                                                  >\n  \n        <\/div>\n                          <div class=\"un-logo-bar__logo-wrapper\">\n                \n  \n  \n  \n  \n      \n      <img loading=\"lazy\" decoding=\"async\"\n      class=\"breakdance-image-object\"\n      src=\"https:\/\/ilandgreen.ee\/wp-content\/uploads\/2024\/02\/Cordeline.png\"\n      width=\"150\"\n      height=\"150\"\n      \n      \n                                                                  >\n  \n        <\/div>\n                          <div class=\"un-logo-bar__logo-wrapper\">\n                \n  \n  \n  \n  \n      \n      <img loading=\"lazy\" decoding=\"async\"\n      class=\"breakdance-image-object\"\n      src=\"https:\/\/ilandgreen.ee\/wp-content\/uploads\/2024\/02\/Caparol.png\"\n      width=\"150\"\n      height=\"150\"\n      \n      \n                                                                  >\n  \n        <\/div>\n                          <div class=\"un-logo-bar__logo-wrapper\">\n                \n  \n  \n  \n  \n      \n      <img loading=\"lazy\" decoding=\"async\"\n      class=\"breakdance-image-object\"\n      src=\"https:\/\/ilandgreen.ee\/wp-content\/uploads\/2024\/02\/BYOBottle.png\"\n      width=\"150\"\n      height=\"150\"\n      \n      \n                                                                  >\n  \n        <\/div>\n                          <div class=\"un-logo-bar__logo-wrapper\">\n                \n  \n  \n  \n  \n      \n      <img loading=\"lazy\" decoding=\"async\"\n      class=\"breakdance-image-object\"\n      src=\"https:\/\/ilandgreen.ee\/wp-content\/uploads\/2024\/01\/iland09.jpg\"\n      width=\"200\"\n      height=\"200\"\n      \n      \n                                    srcset=\"https:\/\/ilandgreen.ee\/wp-content\/uploads\/2024\/01\/iland09.jpg 200w, https:\/\/ilandgreen.ee\/wp-content\/uploads\/2024\/01\/iland09-150x150.jpg 150w\"\n                                                                      >\n  \n        <\/div>\n                          <div class=\"un-logo-bar__logo-wrapper\">\n                \n  \n  \n  \n  \n      \n      <img loading=\"lazy\" decoding=\"async\"\n      class=\"breakdance-image-object\"\n      src=\"https:\/\/ilandgreen.ee\/wp-content\/uploads\/2024\/01\/iland07.jpg\"\n      width=\"200\"\n      height=\"200\"\n      \n      \n                                    srcset=\"https:\/\/ilandgreen.ee\/wp-content\/uploads\/2024\/01\/iland07.jpg 200w, https:\/\/ilandgreen.ee\/wp-content\/uploads\/2024\/01\/iland07-150x150.jpg 150w\"\n                                                                      >\n  \n        <\/div>\n                          <div class=\"un-logo-bar__logo-wrapper\">\n                \n  \n  \n  \n  \n      \n      <img loading=\"lazy\" decoding=\"async\"\n      class=\"breakdance-image-object\"\n      src=\"https:\/\/ilandgreen.ee\/wp-content\/uploads\/2024\/01\/iland08.jpg\"\n      width=\"200\"\n      height=\"200\"\n      \n      \n                                    srcset=\"https:\/\/ilandgreen.ee\/wp-content\/uploads\/2024\/01\/iland08.jpg 200w, https:\/\/ilandgreen.ee\/wp-content\/uploads\/2024\/01\/iland08-150x150.jpg 150w\"\n                                                                      >\n  \n        <\/div>\n                          <div class=\"un-logo-bar__logo-wrapper\">\n                \n  \n  \n  \n  \n      \n      <img loading=\"lazy\" decoding=\"async\"\n      class=\"breakdance-image-object\"\n      src=\"https:\/\/ilandgreen.ee\/wp-content\/uploads\/2024\/02\/IDEA-ruut.png\"\n      width=\"100\"\n      height=\"100\"\n      \n      \n                                                                  >\n  \n        <\/div>\n                <\/div><\/div>\n<\/section>","protected":false},"excerpt":{"rendered":"<p>Ait\u00e4h toetajatele ja kaasal\u00f6\u00f6jatele, Oleme kasvanud ja arenenud suuresti t\u00e4nu ka meie kaasal\u00f6\u00f6jatele. Igaks aastaks p\u00fc\u00fcame liita uusi, v\u00e4\u00e4rtusp\u00f6hiseid organisatsioone ja ettev\u00f6tteid, kellega koos erinevaid koost\u00f6\u00f6projekte ja tegevusi ellu viia, et nende m\u00f6ju ning k\u00f6lapind oleksid veelgi suuremad.&nbsp;&nbsp; I Land Greeni toetab: I Land Greeni kaasal\u00f6\u00f6jad:<\/p>","protected":false},"author":2,"featured_media":0,"parent":0,"menu_order":0,"comment_status":"closed","ping_status":"closed","template":"","meta":{"footnotes":"","_breakdance_hide_in_design_set":false,"_breakdance_tags":""},"_links":{"self":[{"href":"https:\/\/ilandgreen.ee\/en\/wp-json\/wp\/v2\/pages\/890"}],"collection":[{"href":"https:\/\/ilandgreen.ee\/en\/wp-json\/wp\/v2\/pages"}],"about":[{"href":"https:\/\/ilandgreen.ee\/en\/wp-json\/wp\/v2\/types\/page"}],"author":[{"embeddable":true,"href":"https:\/\/ilandgreen.ee\/en\/wp-json\/wp\/v2\/users\/2"}],"replies":[{"embeddable":true,"href":"https:\/\/ilandgreen.ee\/en\/wp-json\/wp\/v2\/comments?post=890"}],"version-history":[{"count":5,"href":"https:\/\/ilandgreen.ee\/en\/wp-json\/wp\/v2\/pages\/890\/revisions"}],"predecessor-version":[{"id":1749,"href":"https:\/\/ilandgreen.ee\/en\/wp-json\/wp\/v2\/pages\/890\/revisions\/1749"}],"wp:attachment":[{"href":"https:\/\/ilandgreen.ee\/en\/wp-json\/wp\/v2\/media?parent=890"}],"curies":[{"name":"wp","href":"https:\/\/api.w.org\/{rel}","templated":true}]}}