{"id":881,"date":"2024-02-09T12:15:17","date_gmt":"2024-02-09T12:15:17","guid":{"rendered":"https:\/\/ilandgreen.ee\/?page_id=881"},"modified":"2024-02-22T08:46:52","modified_gmt":"2024-02-22T08:46:52","slug":"kulastaja","status":"publish","type":"page","link":"https:\/\/ilandgreen.ee\/en\/kulastaja\/","title":{"rendered":"Festivalgoer"},"content":{"rendered":"<section class=\"bde-section-881-107 bde-section\">\n  \n\t\n\n\n\n<div class=\"section-container\"><\/div>\n<\/section><section class=\"bde-section-881-108 bde-section\">\n  \n\t\n\n\n\n<div class=\"section-container\"><div class=\"bde-rich-text-881-106 bde-rich-text breakdance-rich-text-styles\">\n<h1>Dear festival guest,<\/h1><p><strong>We would like to give you some tips<\/strong>, that you can take into account while visiting us, so you could also contribute to our green mission. Our endeavour can\u2019t be one-sided, because in the end, we are all in it together.<\/p><ul><li><p>We allow you to bring your own food and drinks to the camping area, but please bring reusable dishes, cups and cutlery, and take them with you when you leave. There is water and nature-friendly dish soap available at the camping site.&nbsp;<\/p><\/li><li><p>Bring your own reusable water bottle. You can fill it both on the festival site and at the camping area.&nbsp;<\/p><\/li><li><p>If you bring your own food \u2013 plan it wisely to make sure you eat all of it. Prefer food that doesn\u2019t spoil easily, especially in the warm weather. Nearly \u2153 of all the food produced is thrown away.&nbsp;&nbsp;&nbsp;&nbsp;<\/p><\/li><li><p>Think through what you bring to the festival, to produce as little litter as possible. And please don\u2019t leave your broken tent, mattress, chair, parasol, sleeping bag etc. behind.<\/p><\/li><li><p>Please sort your trash. This helps to reduce our team\u2019s work and time that goes into sorting the litter and thanks to that, more material ends up being reused.&nbsp;&nbsp;<\/p><\/li><li><p>Stick your cigarette filters into <a href=\"https:\/\/www.kops.ee\/\">Kops<\/a> please.<\/p><\/li><li><p>Please don\u2019t waste water.&nbsp;<\/p><\/li><li><p>Find a nature friendly way to decorate yourself. Please don\u2019t use plastic stones, pearls or glitter. These tiny bits could easily end up in nature and could be eaten by birds or animals and eventually us as well.&nbsp;<\/p><\/li><li><p>Share a ride or come by bus, if possible.&nbsp;<\/p><\/li><li><p>Keep things tidy, respect other guests and be friends with nature.<\/p><\/li><\/ul>\n<\/div><\/div>\n<\/section>","protected":false},"excerpt":{"rendered":"<p>Hea festivali k\u00fclastaja,Anname ka Sulle m\u00f5ned n\u00e4pun\u00e4ited, millega palume Sul meie \u00fcritust k\u00fclastades arvestada, et ka Sina oma panuse annaksid ja meie rohelistele sammudele kaasa aitaksid. Meie rohep\u00fc\u00fce ei saa olla vaid \u00fchepoolne, kuna oleme selles k\u00f5iges tegelikult ju koos.Lubame Sul telklas tarbida oma jooki ja s\u00f6\u00f6ki, ent palun v\u00f6ta kaasa korduskasutatavad s\u00f6\u00f6gin\u00f5ud, joogitopsid ja [&hellip;]<\/p>","protected":false},"author":2,"featured_media":0,"parent":0,"menu_order":0,"comment_status":"closed","ping_status":"closed","template":"","meta":{"footnotes":"","_breakdance_hide_in_design_set":false,"_breakdance_tags":""},"_links":{"self":[{"href":"https:\/\/ilandgreen.ee\/en\/wp-json\/wp\/v2\/pages\/881"}],"collection":[{"href":"https:\/\/ilandgreen.ee\/en\/wp-json\/wp\/v2\/pages"}],"about":[{"href":"https:\/\/ilandgreen.ee\/en\/wp-json\/wp\/v2\/types\/page"}],"author":[{"embeddable":true,"href":"https:\/\/ilandgreen.ee\/en\/wp-json\/wp\/v2\/users\/2"}],"replies":[{"embeddable":true,"href":"https:\/\/ilandgreen.ee\/en\/wp-json\/wp\/v2\/comments?post=881"}],"version-history":[{"count":5,"href":"https:\/\/ilandgreen.ee\/en\/wp-json\/wp\/v2\/pages\/881\/revisions"}],"predecessor-version":[{"id":1513,"href":"https:\/\/ilandgreen.ee\/en\/wp-json\/wp\/v2\/pages\/881\/revisions\/1513"}],"wp:attachment":[{"href":"https:\/\/ilandgreen.ee\/en\/wp-json\/wp\/v2\/media?parent=881"}],"curies":[{"name":"wp","href":"https:\/\/api.w.org\/{rel}","templated":true}]}}