{"id":481,"date":"2024-01-26T09:01:56","date_gmt":"2024-01-26T09:01:56","guid":{"rendered":"https:\/\/ilandgreen.ee\/?page_id=481"},"modified":"2024-02-13T15:11:40","modified_gmt":"2024-02-13T15:11:40","slug":"illiku","status":"publish","type":"page","link":"https:\/\/ilandgreen.ee\/en\/illiku\/","title":{"rendered":"Illiku"},"content":{"rendered":"<section class=\"bde-section-481-100 bde-section\">\n  \n\t\n\n\n\n<div class=\"section-container\"><div class=\"bde-globalblock-481-107 bde-globalblock\">\n<div class=\"bde-advanced-tabs-896-100 bde-advanced-tabs\">\n\n\n        \n  \n  \n  <div class=\"bde-tabs__tabslist-container bde-tabs__tabslist-container--scrollable is-horizontal js-tabs-container\">\n    <div class=\"bde-tabs__tabslist bde-tabs__tabslist--tabs js-tablist\" role=\"tablist\" aria-label=\"Content tabs\" aria-orientation=\"horizontal\" data-tabs-id=\"bde-advanced-tabs-896-100\">\n      \n              <button role=\"tab\" aria-selected=\"false\" class=\"bde-tabs__tab js-tab\" aria-controls=\"tab-panel-bde-advanced-tabs-896-100-1\" id=\"tab-bde-advanced-tabs-896-100-1\" data-value=\"1\">\n                    <span class=\"bde-tabs__tab-title\">Illiku<\/span>\n        <\/button>\n              <button role=\"tab\" aria-selected=\"false\" class=\"bde-tabs__tab js-tab\" aria-controls=\"tab-panel-bde-advanced-tabs-896-100-2\" id=\"tab-bde-advanced-tabs-896-100-2\" data-value=\"2\">\n                    <span class=\"bde-tabs__tab-title\">Videos<\/span>\n        <\/button>\n          <\/div>\n  <\/div>\n\n<div class=\"bde-tabs-content-container\">\n  <div class=\"bde-advanced-tabs-content-896-120 bde-advanced-tabs-content\">\n<div tabindex=\"0\" role=\"tabpanel\" class=\"bde-tabs__panel js-panel\" id=\"\" hidden=\"\" aria-labelledby=\"\">\n  <div class=\"bde-columns-896-162 bde-columns\"><div class=\"bde-column-896-163 bde-column\">\n  \n\t\n\n\n\n<div class=\"bde-image-896-165 bde-image\">\n  \n\n\n\n\n\n<figure class=\"breakdance-image breakdance-image--289\">\n\t<div class=\"breakdance-image-container\">\n\t\t<div class=\"breakdance-image-clip\">\n\t\t\t\n\t\t\t\t\n\t\t\t\t\t      \n  \n  \n  \n  \n      \n      <img loading=\"lazy\" decoding=\"async\"\n      class=\"breakdance-image-object\"\n      src=\"https:\/\/ilandgreen.ee\/wp-content\/uploads\/2024\/01\/illiku1.jpg\"\n      width=\"2024\"\n      height=\"1329\"\n      \n      \n                                    srcset=\"https:\/\/ilandgreen.ee\/wp-content\/uploads\/2024\/01\/illiku1.jpg 2024w, https:\/\/ilandgreen.ee\/wp-content\/uploads\/2024\/01\/illiku1-300x197.jpg 300w, https:\/\/ilandgreen.ee\/wp-content\/uploads\/2024\/01\/illiku1-1024x672.jpg 1024w, https:\/\/ilandgreen.ee\/wp-content\/uploads\/2024\/01\/illiku1-768x504.jpg 768w, https:\/\/ilandgreen.ee\/wp-content\/uploads\/2024\/01\/illiku1-1536x1009.jpg 1536w\"\n                                                                      >\n  \n\n\t\t\t\t\t\n\t\t\t\t\t\t<\/div>\n\t<\/div>\n\n\t<\/figure>\n\n<\/div>\n<\/div><div class=\"bde-column-896-164 bde-column\">\n  \n\t\n\n\n\n<div class=\"bde-rich-text-896-174 bde-rich-text breakdance-rich-text-styles\">\n<h2>Illiku<\/h2><p>I Land Sound takes place at the picturesque illiku islet in Orissaare, Saaremaa, which is also part of the worldwide <a href=\"https:\/\/unesco.ee\/test2-2\/\" target=\"_blank\" rel=\"noopener\">UNESCO Men and biosphere network<\/a> since 1990.  The living environment here, which has been preserved for centuries, its peculiar traditions, and the hard-working local people with their good sense of humour have gained special acknowledgment for being able to live in harmony with nature. UNESCO biosphere areas are unique regions around the world of terrestrial, marine or coastal ecosystems or combinations of those, where you can get in touch with real nature, have a chance to taste local cuisine and enjoy art inspired by nature.<\/p><p>These areas are determined by the local government. The region must comply with minimum criteria and conditions, to be considered part of the international biosphere network.<\/p><p>Sellest l\u00e4htuvalt valmis kevadel 2021 Illiku laiu \u00f6kokaart,\u00a0mis kaardistab laiu bioloogilise mitmekesisuse ja m\u00e4rgistab tundlikud alad, andmaks meile juhtn\u00f6\u00f6rid, kus ja millal me toimetada v\u00f6ime.<\/p>\n<\/div>\n<\/div><\/div>\n<\/div>\n\n<\/div><div class=\"bde-advanced-tabs-content-896-184 bde-advanced-tabs-content\">\n<div tabindex=\"0\" role=\"tabpanel\" class=\"bde-tabs__panel js-panel\" id=\"\" hidden=\"\" aria-labelledby=\"\">\n  <div class=\"bde-columns-896-185 bde-columns\"><div class=\"bde-column-896-186 bde-column\">\n  \n\t\n\n\n\n<div class=\"bde-image-896-187 bde-image\">\n  \n\n\n\n\n\n<figure class=\"breakdance-image breakdance-image--1189\">\n\t<div class=\"breakdance-image-container\">\n\t\t<div class=\"breakdance-image-clip\">\n\t\t\t\n\t\t\t\t\n\t\t\t\t\t      \n  \n  \n  \n  \n      \n      <img loading=\"lazy\" decoding=\"async\"\n      class=\"breakdance-image-object\"\n      src=\"https:\/\/ilandgreen.ee\/wp-content\/uploads\/2024\/02\/O27A5875-scaled.jpg\"\n      width=\"2560\"\n      height=\"1600\"\n      \n      \n                                    srcset=\"https:\/\/ilandgreen.ee\/wp-content\/uploads\/2024\/02\/O27A5875-scaled.jpg 2560w, https:\/\/ilandgreen.ee\/wp-content\/uploads\/2024\/02\/O27A5875-300x188.jpg 300w, https:\/\/ilandgreen.ee\/wp-content\/uploads\/2024\/02\/O27A5875-1024x640.jpg 1024w, https:\/\/ilandgreen.ee\/wp-content\/uploads\/2024\/02\/O27A5875-768x480.jpg 768w, https:\/\/ilandgreen.ee\/wp-content\/uploads\/2024\/02\/O27A5875-1536x960.jpg 1536w, https:\/\/ilandgreen.ee\/wp-content\/uploads\/2024\/02\/O27A5875-2048x1280.jpg 2048w\"\n                                                                      >\n  \n\n\t\t\t\t\t\n\t\t\t\t\t\t<\/div>\n\t<\/div>\n\n\t<\/figure>\n\n<\/div>\n<\/div><div class=\"bde-column-896-188 bde-column\">\n  \n\t\n\n\n\n<div class=\"bde-rich-text-896-189 bde-rich-text breakdance-rich-text-styles\">\n<h2>The sounds of Illiku<\/h2><p>If music festivals are otherwise called environmental disasters, I Land Sound received the international AGF certificate in 2023. This story of the creation of the green festival was also shown on ETV2 and can now be watched on Jupiter. During the whole year, a filming crew  followed the activities of the festival family and studied more closely what a sustainable lifestyle means and how I Land Sound - a festival that cares for nature and people and has crept into thousands of hearts - is born.\u00a0<\/p>\n<\/div><div class=\"bde-button-896-190 bde-button\">\n    \n                                    \n    \n    \n    \n    \n            \n                    \n            \n            \n\n    \n    \n    \n    \n    <a class=\"breakdance-link button-atom button-atom--custom bde-button__button\" href=\"https:\/\/jupiter.err.ee\/1609146026\/illiku-maa-helid\" target=\"_blank\" data-type=\"url\"  >\n\n    \n        <span class=\"button-atom__text\">Watch the series here<\/span>\n\n                            \n        \n                <\/a>\n\n    \n\n\n<\/div>\n<\/div><\/div>\n<\/div>\n\n<\/div><div class=\"bde-advanced-tabs-content-896-198 bde-advanced-tabs-content\">\n<div tabindex=\"0\" role=\"tabpanel\" class=\"bde-tabs__panel js-panel\" id=\"\" hidden=\"\" aria-labelledby=\"\">\n  <div class=\"bde-columns-896-201 bde-columns\"><div class=\"bde-column-896-202 bde-column\">\n  \n\t\n\n\n\n<div class=\"bde-image-896-203 bde-image\">\n  \n\n\n\n\n\n<figure class=\"breakdance-image breakdance-image--1189\">\n\t<div class=\"breakdance-image-container\">\n\t\t<div class=\"breakdance-image-clip\">\n\t\t\t\n\t\t\t\t\n\t\t\t\t\t      \n  \n  \n  \n  \n      \n      <img loading=\"lazy\" decoding=\"async\"\n      class=\"breakdance-image-object\"\n      src=\"https:\/\/ilandgreen.ee\/wp-content\/uploads\/2024\/02\/O27A5875-scaled.jpg\"\n      width=\"2560\"\n      height=\"1600\"\n      \n      \n                                    srcset=\"https:\/\/ilandgreen.ee\/wp-content\/uploads\/2024\/02\/O27A5875-scaled.jpg 2560w, https:\/\/ilandgreen.ee\/wp-content\/uploads\/2024\/02\/O27A5875-300x188.jpg 300w, https:\/\/ilandgreen.ee\/wp-content\/uploads\/2024\/02\/O27A5875-1024x640.jpg 1024w, https:\/\/ilandgreen.ee\/wp-content\/uploads\/2024\/02\/O27A5875-768x480.jpg 768w, https:\/\/ilandgreen.ee\/wp-content\/uploads\/2024\/02\/O27A5875-1536x960.jpg 1536w, https:\/\/ilandgreen.ee\/wp-content\/uploads\/2024\/02\/O27A5875-2048x1280.jpg 2048w\"\n                                                                      >\n  \n\n\t\t\t\t\t\n\t\t\t\t\t\t<\/div>\n\t<\/div>\n\n\t<\/figure>\n\n<\/div>\n<\/div><div class=\"bde-column-896-204 bde-column\">\n  \n\t\n\n\n\n<div class=\"bde-rich-text-896-205 bde-rich-text breakdance-rich-text-styles\">\n<h2>The sounds of Illiku<\/h2><p>If music festivals are otherwise called environmental disasters, I Land Sound received the international AGF certificate in 2023. This story of the creation of the green festival was also shown on ETV2 and can now be watched on Jupiter. During the whole year, a filming crew  followed the activities of the festival family and studied more closely what a sustainable lifestyle means and how I Land Sound - a festival that cares for nature and people and has crept into thousands of hearts - is born.\u00a0<\/p>\n<\/div><div class=\"bde-button-896-206 bde-button\">\n    \n                                    \n    \n    \n    \n    \n            \n                    \n            \n            \n\n    \n    \n    \n    \n    <a class=\"breakdance-link button-atom button-atom--custom bde-button__button\" href=\"https:\/\/jupiter.err.ee\/1609146026\/illiku-maa-helid\" target=\"_blank\" data-type=\"url\"  >\n\n    \n        <span class=\"button-atom__text\">Watch the series here<\/span>\n\n                            \n        \n                <\/a>\n\n    \n\n\n<\/div>\n<\/div><\/div>\n<\/div>\n\n<\/div>\n<\/div>\n\n\n<\/div>\n<\/div><\/div>\n<\/section>","protected":false},"excerpt":{"rendered":"<p>Illiku Videod IllikuI Land Sound festival toimub maalilisel illiku laiul, Orissaares, Saaremaal, mis kuulub aastast 1990 UNESCO rahvusvaheliselt tunnustatud programmi \u201eInimene ja biosf\u00e4\u00e4r\u201c \u00fclemaailmsesse v\u00f6rgustikku. Sajandeid hoitud elukeskkond, isep\u00e4rased traditsioonid ja siinsed t\u00f6\u00f6kad ja humoorikad inimesed on p\u00e4lvinud erilise tunnustuse just seet\u00f6ttu, et on osanud siin elada koosk\u00f6las loodusega. UNESCO biosf\u00e4\u00e4rialad on maailmas need unikaalsed [&hellip;]<\/p>","protected":false},"author":2,"featured_media":0,"parent":0,"menu_order":0,"comment_status":"closed","ping_status":"closed","template":"","meta":{"footnotes":"","_breakdance_hide_in_design_set":false,"_breakdance_tags":""},"_links":{"self":[{"href":"https:\/\/ilandgreen.ee\/en\/wp-json\/wp\/v2\/pages\/481"}],"collection":[{"href":"https:\/\/ilandgreen.ee\/en\/wp-json\/wp\/v2\/pages"}],"about":[{"href":"https:\/\/ilandgreen.ee\/en\/wp-json\/wp\/v2\/types\/page"}],"author":[{"embeddable":true,"href":"https:\/\/ilandgreen.ee\/en\/wp-json\/wp\/v2\/users\/2"}],"replies":[{"embeddable":true,"href":"https:\/\/ilandgreen.ee\/en\/wp-json\/wp\/v2\/comments?post=481"}],"version-history":[{"count":5,"href":"https:\/\/ilandgreen.ee\/en\/wp-json\/wp\/v2\/pages\/481\/revisions"}],"predecessor-version":[{"id":901,"href":"https:\/\/ilandgreen.ee\/en\/wp-json\/wp\/v2\/pages\/481\/revisions\/901"}],"wp:attachment":[{"href":"https:\/\/ilandgreen.ee\/en\/wp-json\/wp\/v2\/media?parent=481"}],"curies":[{"name":"wp","href":"https:\/\/api.w.org\/{rel}","templated":true}]}}