{"id":478,"date":"2024-01-26T09:01:43","date_gmt":"2024-01-26T09:01:43","guid":{"rendered":"https:\/\/ilandgreen.ee\/?page_id=478"},"modified":"2024-03-21T15:18:39","modified_gmt":"2024-03-21T15:18:39","slug":"kunst","status":"publish","type":"page","link":"https:\/\/ilandgreen.ee\/en\/kunst\/","title":{"rendered":"Art"},"content":{"rendered":"<section class=\"bde-section-478-101 bde-section\">\n  \n\t\n\n\n\n<div class=\"section-container\"><div class=\"bde-columns-478-102 bde-columns\"><div class=\"bde-column-478-103 bde-column\">\n  \n\t\n\n\n\n<div class=\"bde-rich-text-478-106 bde-rich-text breakdance-rich-text-styles\">\n<h2>Buttboard<\/h2><p>The buttboard is a travelling piece of art that is on show in different places. <strong>You can watch the making of Buttboard <\/strong><a href=\"https:\/\/www.youtube.com\/watch?v=ayu0QMWHhIo&amp;t=35s&amp;ab_channel=PIIDIVABRIK\" target=\"_blank\" rel=\"noopener\"><strong>on YouTube<\/strong><\/a><strong>.<\/strong><\/p><p>About <a href=\"https:\/\/www.ncbi.nlm.nih.gov\/pmc\/articles\/PMC4307979\/\" target=\"_blank\" rel=\"noopener\">4.5 billion cigarette butts<\/a> about 500, 000 tons, <a href=\"https:\/\/www.treehugger.com\/farallon-islands-mouse-problem-solution-4864378\" target=\"_blank\" rel=\"noopener\">end up in nature around the world<\/a>. However, the real reason behind this pollution is <strong>people\u2019s ignorance<\/strong>. There is a common misunderstanding that cigarette filters compost in nature like every other organic component, and that\u2019s also the reason why people don\u2019t think it\u2019s actually trash. <strong>In reality cigarette filters are made of plastic<\/strong>that takes up to 15 years to decompose in nature and bits of it could be eaten by animals, birds, fish and eventually it could end up on our table as well.<\/p><p>In Estonia about one billion cigarette butts end up on the street and in the sewers each year. Smokers have a habit of throwing the filters straight into the sewer hole, thinking that the water treatment plant will filter it out. The truth is, that most of the rain water, including cigarette filters and the rest of the litter that\u2019s lying around, will be swept straight into the nearest body of water. For example in Tallinn, nearly half the rainwater doesn\u2019t pass through a treatment plant. People tend to have no idea that <strong>a cigarette filter surfs straight into the sea<\/strong> and is one of the most common sources of pollution in the Baltic Sea. One cigarette butt contains more than 40 toxic chemicals, like acetone, ammonia and arsenic that cause great damage to marine biology.<\/p><p>In the spring of 2019 <strong>we wanted to raise more awareness on the issue<\/strong> <strong>on the issue<\/strong>and came up with a plan to collect all the cigarette filters and turn them into a travelling piece of art. In July of 2020 the Buttboard was completed. <strong>John Kaju<\/strong>, a professional windsurfer and boatmaker from Saaremaa made the bottom part of the SUP-board. The top part of the board, including the design was created by a well-known artist to our festival guests, <strong>Ines-Issa Villido<\/strong>. The cigarette filters are coated with strong epoxy resin, which permanently attaches them to the paddle board and prevents harmful chemicals from being released into the environment. And for your information \u2013 yes, the board floats and you can paddle on it; no, it doesn\u2019t smell.<\/p><p>So now you know the story behind the Buttboard. Tell others and spread the message.<\/p>\n<\/div>\n<\/div><div class=\"bde-column-478-104 bde-column\">\n  \n\t\n\n\n\n<div class=\"bde-basicslider-478-107 bde-basicslider\">\n<div class=\"breakdance-swiper-wrapper\" data-swiper-id=\"107\">\n    <div class=\"swiper\">\n      <div class=\"swiper-wrapper\">\n      \n\t                    \n        <div class=\"swiper-slide\">\n          <div class=\"bde-basicslider__slide\" style=\"  background: #fcbc8f;\">\n              <div class=\"bde-basicslider__content\">\n                                                <\/div>\n\n\t\t\t\t\t\t                \n  \n  \n  \n  \n      \n      <img loading=\"lazy\" decoding=\"async\"\n      class=\"breakdance-image-object bde-basicslider__image\"\n      src=\"https:\/\/ilandgreen.ee\/wp-content\/uploads\/2024\/01\/kaasaloojad1-3.jpg\"\n      width=\"2048\"\n      height=\"1365\"\n      \n      \n                                    srcset=\"https:\/\/ilandgreen.ee\/wp-content\/uploads\/2024\/01\/kaasaloojad1-3.jpg 2048w, https:\/\/ilandgreen.ee\/wp-content\/uploads\/2024\/01\/kaasaloojad1-3-300x200.jpg 300w, https:\/\/ilandgreen.ee\/wp-content\/uploads\/2024\/01\/kaasaloojad1-3-1024x683.jpg 1024w, https:\/\/ilandgreen.ee\/wp-content\/uploads\/2024\/01\/kaasaloojad1-3-768x512.jpg 768w, https:\/\/ilandgreen.ee\/wp-content\/uploads\/2024\/01\/kaasaloojad1-3-1536x1024.jpg 1536w\"\n                                                                      >\n  \n\t\t\t\n          <\/div>\n        <\/div>\n       \n      <\/div>\n    <\/div>\n                <div class=\"swiper-button-prev\">\n            \n        <\/div>\n        <div class=\"swiper-button-next\">\n            \n        <\/div>\n    \n            <div class=\"swiper-pagination\"><\/div>\n    \n<\/div>\n\n<\/div><div class=\"bde-accordion-478-133 bde-accordion bde-accordion--bordered\"><div class=\"bde-accordion__content-wrapper-478-134 bde-accordion__content-wrapper\">\n<h3 class=\"bde-accordion__title-tag\">\n  <button type=\"button\" class=\"bde-accordion__button\" id=\"accordion-button-134\" aria-controls=\"accordion-panel-134\" aria-expanded=\"false\">\n     <span class=\"bde-accordion__title\" >Project participants: <\/span>\n     <span class=\"bde-accordion__icon bde-accordion__icon--default\"><\/span>\n     <span class=\"bde-accordion__icon bde-accordion__icon--active\"><\/span>\n  <\/button>\n<\/h3>\n\n<div role=\"region\" class=\"bde-accordion__panel\" id=\"accordion-panel-134\" aria-labelledby=\"accordion-button-134\" hidden>\n   <div class=\"bde-rich-text-478-145 bde-rich-text breakdance-rich-text-styles\">\n<p>Project manager: Kadi Aguraijuja<\/p><p>Artist: Ines-Issa Villido<\/p><p>The design of the bottom part of the board: Laura Pormeister <\/p><p>The bottom part of the board was made by: Aare P\u00fc\u00fca<\/p>\n<\/div>\n<\/div>\n\n\n\n<\/div>\r\n\r\n<\/div>\n<\/div><\/div><div class=\"bde-columns-478-121 bde-columns\"><div class=\"bde-column-478-122 bde-column\">\n  \n\t\n\n\n\n<div class=\"bde-basicslider-478-124 bde-basicslider\">\n<div class=\"breakdance-swiper-wrapper\" data-swiper-id=\"124\">\n    <div class=\"swiper\">\n      <div class=\"swiper-wrapper\">\n      \n\t                    \n        <div class=\"swiper-slide\">\n          <div class=\"bde-basicslider__slide\" style=\"  background: #fcbc8f;\">\n              <div class=\"bde-basicslider__content\">\n                                                <\/div>\n\n\t\t\t\t\t\t                \n  \n  \n  \n  \n      \n      <img loading=\"lazy\" decoding=\"async\"\n      class=\"breakdance-image-object bde-basicslider__image\"\n      src=\"https:\/\/ilandgreen.ee\/wp-content\/uploads\/2024\/02\/DSF0103.jpg\"\n      width=\"2160\"\n      height=\"1440\"\n      \n      \n                                    srcset=\"https:\/\/ilandgreen.ee\/wp-content\/uploads\/2024\/02\/DSF0103.jpg 2160w, https:\/\/ilandgreen.ee\/wp-content\/uploads\/2024\/02\/DSF0103-300x200.jpg 300w, https:\/\/ilandgreen.ee\/wp-content\/uploads\/2024\/02\/DSF0103-1024x683.jpg 1024w, https:\/\/ilandgreen.ee\/wp-content\/uploads\/2024\/02\/DSF0103-768x512.jpg 768w, https:\/\/ilandgreen.ee\/wp-content\/uploads\/2024\/02\/DSF0103-1536x1024.jpg 1536w, https:\/\/ilandgreen.ee\/wp-content\/uploads\/2024\/02\/DSF0103-2048x1365.jpg 2048w\"\n                                                                      >\n  \n\t\t\t\n          <\/div>\n        <\/div>\n       \n      <\/div>\n    <\/div>\n                <div class=\"swiper-button-prev\">\n            \n        <\/div>\n        <div class=\"swiper-button-next\">\n            \n        <\/div>\n    \n            <div class=\"swiper-pagination\"><\/div>\n    \n<\/div>\n\n<\/div><div class=\"bde-accordion-478-151 bde-accordion bde-accordion--bordered\"><div class=\"bde-accordion__content-wrapper-478-152 bde-accordion__content-wrapper\">\n<h3 class=\"bde-accordion__title-tag\">\n  <button type=\"button\" class=\"bde-accordion__button\" id=\"accordion-button-152\" aria-controls=\"accordion-panel-152\" aria-expanded=\"false\">\n     <span class=\"bde-accordion__title\" >Project participants:<\/span>\n     <span class=\"bde-accordion__icon bde-accordion__icon--default\"><\/span>\n     <span class=\"bde-accordion__icon bde-accordion__icon--active\"><\/span>\n  <\/button>\n<\/h3>\n\n<div role=\"region\" class=\"bde-accordion__panel\" id=\"accordion-panel-152\" aria-labelledby=\"accordion-button-152\" hidden>\n   <div class=\"bde-rich-text-478-162 bde-rich-text breakdance-rich-text-styles\">\n<p>Artist: <a href=\"https:\/\/www.facebook.com\/ines.villido?__cft__[0]=AZV-WwxDzXNtGHtW9nMIjCv8ZJEXUBm9ErJOQlxXKTpfQRlp2e0ADCqliJGyvoXOnBU_jr6KhLs7pqaGBfvlvNCiprDM8Dn4Tx7JAq18OSL3mqW4xYVwR795AAMgz_vGjduurCZV8Q2lHaPLYgh9Vkz-vYFhCmUCqeMnKCIVqdo077A75yEXhdMa6-hpHb7_6kU&amp;__tn__=-]K-R\" class=\"x1i10hfl xjbqb8w x1ejq31n xd10rxx x1sy0etr x17r0tee x972fbf xcfux6l x1qhh985 xm0m39n x9f619 x1ypdohk xt0psk2 xe8uvvx xdj266r x11i5rnm xat24cr x1mh8g0r xexx8yu x4uap5 x18d9i69 xkhd6sd x16tdsg8 x1hl2dhg xggy1nq x1a2a7pz xt0b8zv x1fey0fg xo1l8bm\">Ines Villido<\/a><\/p>\n<\/div>\n<\/div>\n\n\n\n<\/div>\r\n\r\n<\/div>\n<\/div><div class=\"bde-column-478-123 bde-column\">\n  \n\t\n\n\n\n<div class=\"bde-rich-text-478-125 bde-rich-text breakdance-rich-text-styles\">\n<h2>Trust the whale<\/h2><p><span style=\"font-weight: 400;\">\u201cTrust the whale\u201d or affectionately illiku\u2019s forest whale was created for the I Land Sound 2023 festival. With its life-size 5-metre body length it is a little bit bigger than a newborn humpback whale. The sculpture is covered in fishnets and cigarette butts that are one of the biggest sources of pollution in the oceans. Huge amounts of plastic, including cigarette butts, have been found in the stomachs of whales and other aquatic animals, and fishnets that are left adrift in the sea are a major threat to whales because they can get stuck.<\/span><\/p><p><span style=\"font-weight: 400;\">A whale in the middle of the greenery looks a bit odd, maybe even a little magical, bringing a part of the deep sea into the daylight. The area of the body of water on planet Earth is unfathomable. And most of the time people don\u2019t think about the fact that our activities on land will reach distant places in the world\u2019s oceans. Just like that, litter and plastic travels with rainwater into the rivers and seas straight to oceans, where only 40 years ago huge garbage islands were discovered. These garbage islands are spread out over hundreds of thousands of kilometres and still collect more and more plastic. Inevitably this pollution also affects all sea animals, including the world\u2019s biggest \u2013 whales.<\/span><\/p><p><span style=\"font-weight: 400;\">It is estimated that since the beginning of the whaling industry about 3 billion whales from different species have been hunted, and because of that the population of some whales has become endangered.<\/span><\/p><p><span style=\"font-weight: 400;\">Whales have an important role in preserving the Earth\u2019s ecosystem. Even though they are far from our cultural space, they keep us alive by feeding the phytoplankton, that feeds on whale excrement. Phytoplankton is just like a rainforest that floats in the ocean and produces at least half of the planet\u2019s oxygen. It helps to maintain the fish population and helps to fight climate change by binding immense amounts of CO2 from the atmosphere.<\/span><\/p><p><span style=\"font-weight: 400;\">The more whales, the safer our planet!<\/span><\/p><p><span style=\"font-weight: 400;\">Artist: Ines-Issa Villido<\/span><\/p>\n<\/div>\n<\/div><\/div><div class=\"bde-columns-478-127 bde-columns\"><div class=\"bde-column-478-128 bde-column\">\n  \n\t\n\n\n\n<div class=\"bde-rich-text-478-130 bde-rich-text breakdance-rich-text-styles\">\n<h2>Ilandphant Ellu<\/h2><p>ilandphant Ellu was born in 2019 and at the time she was part of the setting of Loojangu stage. The authors of the piece are Kristjan Klemets, Kertu Laanela, Heikki Gross and Eva Reiska. Ellu carries the message of taking care of animals and nature and compels us to think about the choices we make and how they affect our surroundings. Awareness and care open up opportunities to work with nature. Ellu also aims to raise people\u2019s awareness about the life and destiny of the elephants who are used for hiking trips, rides and other forms of entertainment in tourism. Although elephants are very intelligent and like to learn new things, they are still wild animals and in order to make them obey humans they are subjected to a cruel training process.<\/p><p>Ilandphant Ellu is a life-sized African elephant, whose trunk moves and spews water. By climbing her you can experience the feeling of riding a real elephant without harming the animal. The see-through piece is illuminated and made of metal.<\/p>\n<\/div>\n<\/div><div class=\"bde-column-478-131 bde-column\">\n  \n\t\n\n\n\n<div class=\"bde-basicslider-478-132 bde-basicslider\">\n<div class=\"breakdance-swiper-wrapper\" data-swiper-id=\"132\">\n    <div class=\"swiper\">\n      <div class=\"swiper-wrapper\">\n      \n\t                    \n        <div class=\"swiper-slide\">\n          <div class=\"bde-basicslider__slide\" style=\"  background: #fcbc8f;\">\n              <div class=\"bde-basicslider__content\">\n                                                <\/div>\n\n\t\t\t\t\t\t                \n  \n  \n  \n  \n      \n      <img loading=\"lazy\" decoding=\"async\"\n      class=\"breakdance-image-object bde-basicslider__image\"\n      src=\"https:\/\/ilandgreen.ee\/wp-content\/uploads\/2024\/02\/ilandphant-Ellu-scaled-1.webp\"\n      width=\"2560\"\n      height=\"1707\"\n      \n      \n                                    srcset=\"https:\/\/ilandgreen.ee\/wp-content\/uploads\/2024\/02\/ilandphant-Ellu-scaled-1.webp 2560w, https:\/\/ilandgreen.ee\/wp-content\/uploads\/2024\/02\/ilandphant-Ellu-scaled-1-300x200.webp 300w, https:\/\/ilandgreen.ee\/wp-content\/uploads\/2024\/02\/ilandphant-Ellu-scaled-1-1024x683.webp 1024w, https:\/\/ilandgreen.ee\/wp-content\/uploads\/2024\/02\/ilandphant-Ellu-scaled-1-768x512.webp 768w, https:\/\/ilandgreen.ee\/wp-content\/uploads\/2024\/02\/ilandphant-Ellu-scaled-1-1536x1024.webp 1536w, https:\/\/ilandgreen.ee\/wp-content\/uploads\/2024\/02\/ilandphant-Ellu-scaled-1-2048x1366.webp 2048w\"\n                                                                      >\n  \n\t\t\t\n          <\/div>\n        <\/div>\n       \n      <\/div>\n    <\/div>\n                <div class=\"swiper-button-prev\">\n            \n        <\/div>\n        <div class=\"swiper-button-next\">\n            \n        <\/div>\n    \n            <div class=\"swiper-pagination\"><\/div>\n    \n<\/div>\n\n<\/div><div class=\"bde-accordion-478-146 bde-accordion bde-accordion--bordered\"><div class=\"bde-accordion__content-wrapper-478-147 bde-accordion__content-wrapper\">\n<h3 class=\"bde-accordion__title-tag\">\n  <button type=\"button\" class=\"bde-accordion__button\" id=\"accordion-button-147\" aria-controls=\"accordion-panel-147\" aria-expanded=\"false\">\n     <span class=\"bde-accordion__title\" >Project participants: <\/span>\n     <span class=\"bde-accordion__icon bde-accordion__icon--default\"><\/span>\n     <span class=\"bde-accordion__icon bde-accordion__icon--active\"><\/span>\n  <\/button>\n<\/h3>\n\n<div role=\"region\" class=\"bde-accordion__panel\" id=\"accordion-panel-147\" aria-labelledby=\"accordion-button-147\" hidden>\n   <div class=\"bde-rich-text-478-148 bde-rich-text breakdance-rich-text-styles\">\n<p>Artists:<\/p><p> Kristjan Klemets<\/p><p> Kertu Laanela<\/p><p>Heiki Gross<\/p><p> Eva Reiska<\/p>\n<\/div>\n<\/div>\n\n\n\n<\/div>\r\n\r\n<\/div>\n<\/div><\/div><\/div>\n<\/section>","protected":false},"excerpt":{"rendered":"<p>KonilaudTegemist on r\u00e4ndava teosega, mis asus 2021. aasta juunini Tallinna Sadama D-Terminalis. Konilaua valmimislugu kajastav video asub YouTube\u2019is.Hinnanguliselt j\u00f6uab kogu maailmas loodusesse 4,5 miljardit koni aastas, kaaluga 500 000 tonni. Konireostuse suurim tegelik p\u00f6hjus on aga inimeste teadmatus. Nimelt levib v\u00e4\u00e4rarusaam, et need lagunevad looduses nagu iga teinegi orgaaniline komponent, mist\u00f6ttu ei pea inimesed neid [&hellip;]<\/p>","protected":false},"author":2,"featured_media":0,"parent":0,"menu_order":0,"comment_status":"closed","ping_status":"closed","template":"","meta":{"footnotes":"","_breakdance_hide_in_design_set":false,"_breakdance_tags":""},"_links":{"self":[{"href":"https:\/\/ilandgreen.ee\/en\/wp-json\/wp\/v2\/pages\/478"}],"collection":[{"href":"https:\/\/ilandgreen.ee\/en\/wp-json\/wp\/v2\/pages"}],"about":[{"href":"https:\/\/ilandgreen.ee\/en\/wp-json\/wp\/v2\/types\/page"}],"author":[{"embeddable":true,"href":"https:\/\/ilandgreen.ee\/en\/wp-json\/wp\/v2\/users\/2"}],"replies":[{"embeddable":true,"href":"https:\/\/ilandgreen.ee\/en\/wp-json\/wp\/v2\/comments?post=478"}],"version-history":[{"count":5,"href":"https:\/\/ilandgreen.ee\/en\/wp-json\/wp\/v2\/pages\/478\/revisions"}],"predecessor-version":[{"id":1726,"href":"https:\/\/ilandgreen.ee\/en\/wp-json\/wp\/v2\/pages\/478\/revisions\/1726"}],"wp:attachment":[{"href":"https:\/\/ilandgreen.ee\/en\/wp-json\/wp\/v2\/media?parent=478"}],"curies":[{"name":"wp","href":"https:\/\/api.w.org\/{rel}","templated":true}]}}