{"id":42,"date":"2024-01-16T12:34:20","date_gmt":"2024-01-16T12:34:20","guid":{"rendered":"https:\/\/ilandgreen.ee\/?page_id=42"},"modified":"2024-02-21T14:41:44","modified_gmt":"2024-02-21T14:41:44","slug":"meedia","status":"publish","type":"page","link":"https:\/\/ilandgreen.ee\/en\/meedia\/","title":{"rendered":"Media"},"content":{"rendered":"<div class=\"bde-globalblock-42-107 bde-globalblock\">\n<div class=\"bde-advanced-tabs-153-100 bde-advanced-tabs\">\n\n\n        \n  \n  \n  <div class=\"bde-tabs__tabslist-container bde-tabs__tabslist-container--scrollable is-horizontal js-tabs-container\">\n    <div class=\"bde-tabs__tabslist bde-tabs__tabslist--tabs js-tablist\" role=\"tablist\" aria-label=\"Content tabs\" aria-orientation=\"horizontal\" data-tabs-id=\"bde-advanced-tabs-153-100\">\n      \n              <button role=\"tab\" aria-selected=\"false\" class=\"bde-tabs__tab js-tab\" aria-controls=\"tab-panel-bde-advanced-tabs-153-100-1\" id=\"tab-bde-advanced-tabs-153-100-1\" data-value=\"1\">\n                    <span class=\"bde-tabs__tab-title\">Articles<\/span>\n        <\/button>\n              <button role=\"tab\" aria-selected=\"false\" class=\"bde-tabs__tab js-tab\" aria-controls=\"tab-panel-bde-advanced-tabs-153-100-2\" id=\"tab-bde-advanced-tabs-153-100-2\" data-value=\"2\">\n                    <span class=\"bde-tabs__tab-title\">Videos<\/span>\n        <\/button>\n              <button role=\"tab\" aria-selected=\"false\" class=\"bde-tabs__tab js-tab\" aria-controls=\"tab-panel-bde-advanced-tabs-153-100-3\" id=\"tab-bde-advanced-tabs-153-100-3\" data-value=\"3\">\n                    <span class=\"bde-tabs__tab-title\">Presentations<\/span>\n        <\/button>\n          <\/div>\n  <\/div>\n\n<div class=\"bde-tabs-content-container\">\n  <div class=\"bde-advanced-tabs-content-153-103 bde-advanced-tabs-content\">\n<div tabindex=\"0\" role=\"tabpanel\" class=\"bde-tabs__panel js-panel\" id=\"\" hidden=\"\" aria-labelledby=\"\">\n  <h1 class=\"bde-heading-153-360 bde-heading\">\n2019\n<\/h1><div class=\"bde-rich-text-153-361 bde-rich-text breakdance-rich-text-styles\">\n<p>05.07\u00a0<a href=\"https:\/\/www.muurileht.ee\/i-land-soundi-korraldajad-rohuvad-keskkonnateadlikkusele\/\" target=\"_blank\" rel=\"noopener\">M\u00fc\u00fcrileht- I Land Sound organizers emphasize environmental awareness<\/a><\/p><p>12.07\u00a0<a href=\"https:\/\/sky.ee\/valja-muudud-eesti-festival-i-land-sound-vottis-vastu-enneolematu-otsuse\/\" target=\"_blank\" rel=\"noopener\">Sky Media \u2013 The sold-out Estonian festival I Land Sound took an unprecedented decision<\/a><\/p><p>12.07\u00a0<a href=\"https:\/\/maaleht.delfi.ee\/artikkel\/86818401\/festivalil-i-land-sound-katsetatakse-korduskasutatavate-joogitopside-kiirpesumasinaid\" target=\"_blank\" rel=\"noopener\">Maaleht - Fast washing machines for reusable drinking cups are being tested at the I Land Sound festival<\/a><\/p><p>17.07\u00a0<a href=\"https:\/\/epl.delfi.ee\/artikkel\/86844499\/festivalide-korraldajad-puudlevad-roheluse-poole?\" target=\"_blank\" rel=\"noopener\">Eesti P\u00e4evaleht - Festival organizers strive for greenness<\/a><\/p><p>02.09\u00a0<a href=\"https:\/\/vikerraadio.err.ee\/972091\/okoskoop-kliimaneutraalne-eesti\/973113\" target=\"_blank\" rel=\"noopener\">Vikerraadio - Ecoscope<\/a><\/p><p>02.09\u00a0<a href=\"https:\/\/etv.err.ee\/972674\/osoon\" target=\"_blank\" rel=\"noopener\">Osoon - Environmentally friendly events<\/a><\/p><p>03.09\u00a0<a href=\"https:\/\/menu.err.ee\/976527\/loodussobralikud-suvefestivalid-kasutasid-prugi-isegi-lavakujunduses\" target=\"_blank\" rel=\"noopener\">Menu ERR - Nature-friendly summer festivals even used garbage in stage design<\/a><\/p><p>04.09\u00a0<a href=\"https:\/\/novaator.err.ee\/976750\/kuidas-korraldada-keskkonnasobralikku-uritust\" target=\"_blank\" rel=\"noopener\">Novaator ERR - How to organize an environmentally friendly event?<\/a><\/p>\n<\/div><h1 class=\"bde-heading-153-136 bde-heading\">\n2020\n<\/h1><div class=\"bde-rich-text-153-104 bde-rich-text breakdance-rich-text-styles\">\n<p>03.08\u00a0<strong><a href=\"https:\/\/etv.err.ee\/1120252\/konidest-veelaud\" target=\"_blank\" rel=\"noopener\">Ringvaade- A water table made of cones<\/a><\/strong><\/p><p>04.08\u00a0<strong><a href=\"https:\/\/menu.err.ee\/1120197\/i-land-sound-pani-konidest-surfilaua-kokku\" target=\"_blank\" rel=\"noopener\">ERR \u2013\u00a0<\/a><a href=\"https:\/\/menu.err.ee\/1120197\/i-land-sound-pani-konidest-surfilaua-kokku\" target=\"_blank\" rel=\"noopener\">I Land Sound assembled a surfboard from cones<\/a><\/strong><\/p><p>04.08\u00a0<strong><a href=\"https:\/\/eestielu.goodnews.ee\/konilaud-i-mullu-i-land-sound-festivalil-kokku-kogutud-konidest-valmis-aerusurfi-laud\/\" target=\"_blank\" rel=\"noopener\">Good news-\u00a0<\/a><\/strong><strong><a href=\"https:\/\/eestielu.goodnews.ee\/konilaud-i-mullu-i-land-sound-festivalil-kokku-kogutud-konidest-valmis-aerusurfi-laud\/\" target=\"_blank\" rel=\"noopener\">KONILAUD I A stand-up paddle board made from the cones collected at the Land Sound festival last year\u00a0<\/a><\/strong><\/p><p>04.08\u00a0<strong><a href=\"https:\/\/www.postimees.ee\/7032372\/muusikafestivalilt-kogutud-konidest-meisterdati-aerulaud\" target=\"_blank\" rel=\"noopener\">Postimees - PHOTOS \u27e9 A paddle board was made from cigarette butts collected from the music festival<\/a><\/strong><\/p><p>06.08\u00a0<strong><a href=\"https:\/\/www.bioneer.ee\/i-land-sound-festivalil-kokku-kogutud-konidest-valmis-aerusurfi-laud?fbclid=IwAR1K2D8Ojq-WEWEaiyPAryjPA5Um3rb06QoUJ-rFewpVhyIsXggI76VNBh8#.Xyulw6Q9iVw.facebook\" target=\"_blank\" rel=\"noopener\">Bioneer - a stand-up paddleboard made from cones collected at the I Land Sound festival<\/a><\/strong><\/p><p>02.09\u00a0<strong><a href=\"https:\/\/kanal2.postimees.ee\/pluss\/video\/?id=224876\" target=\"_blank\" rel=\"noopener\">Kanal 2\u00a0 \u2013 Trace<\/a><\/strong><\/p><p>18.10\u00a0<strong><a href=\"https:\/\/www.positiivnemurk.com\/e\/episood-64-i-land-sound-ja-festivalide-tulevikutrendid\" target=\"_blank\" rel=\"noopener\">Positive Poison podcast - I Land Sound and the future trends of festivals<\/a><\/strong><\/p><p>\u00a0<\/p>\n<\/div>\n<\/div>\n\n<\/div><div class=\"bde-advanced-tabs-content-153-180 bde-advanced-tabs-content\">\n<div tabindex=\"0\" role=\"tabpanel\" class=\"bde-tabs__panel js-panel\" id=\"\" hidden=\"\" aria-labelledby=\"\">\n  <div class=\"bde-advancedslider-153-263 bde-advancedslider\">\n<div class=\"breakdance-swiper-wrapper\" data-swiper-id=\"263\">\n  <div class=\"swiper\">\n    <div class=\"swiper-wrapper\">\n      <div class=\"bde-advancedslide-153-264 bde-advancedslide swiper-slide\">\n<div class=\"advanced-slider__slide\">\n  <div class=\"bde-grid-153-277 bde-grid\">\n  \n\t\n\n\n\n<div class=\"bde-div-153-278 bde-div\">\n  \n\t\n\n\n\n<div class=\"bde-shortcode-153-288 bde-shortcode\">\n<iframe loading=\"lazy\" width=\"100%\" height=\"300\" src=\"https:\/\/www.youtube.com\/embed\/alTg2oW3m7Q?si=LIXAyEz6clYqbPo1\" title=\"YouTube video player\" frameborder=\"0\" allow=\"accelerometer; autoplay; clipboard-write; encrypted-media; gyroscope; picture-in-picture; web-share\" allowfullscreen><\/iframe>\n<\/div><div class=\"bde-div-153-333 bde-div\">\n  \n\t\n\n\n\n<div class=\"bde-text-153-357 bde-text\">\nKonikogujad\/ butt bins\n<\/div>\n<\/div>\n<\/div><div class=\"bde-div-153-352 bde-div\">\n  \n\t\n\n\n\n<div class=\"bde-shortcode-153-353 bde-shortcode\">\n<iframe loading=\"lazy\" width=\"100%\" height=\"300\" src=\"https:\/\/www.youtube.com\/embed\/kAhY_qZmn7U?si=WCCzOckzgHc6ZoA8\" title=\"YouTube video player\" frameborder=\"0\" allow=\"accelerometer; autoplay; clipboard-write; encrypted-media; gyroscope; picture-in-picture; web-share\" allowfullscreen><\/iframe>\n<\/div><div class=\"bde-div-153-354 bde-div\">\n  \n\t\n\n\n\n<div class=\"bde-text-153-358 bde-text\">\nI land soundi j\u00e4\u00e4tmering\n<\/div>\n<\/div>\n<\/div><div class=\"bde-div-153-348 bde-div\">\n  \n\t\n\n\n\n<div class=\"bde-shortcode-153-349 bde-shortcode\">\n<iframe loading=\"lazy\" width=\"100%\" height=\"300\" src=\"https:\/\/www.youtube.com\/embed\/ayu0QMWHhIo?si=nBF78F1cFVxAiAR-\" title=\"YouTube video player\" frameborder=\"0\" allow=\"accelerometer; autoplay; clipboard-write; encrypted-media; gyroscope; picture-in-picture; web-share\" allowfullscreen><\/iframe>\n<\/div><div class=\"bde-div-153-350 bde-div\">\n  \n\t\n\n\n\n<div class=\"bde-text-153-359 bde-text\">\nKonilaud\/buttboard\n<\/div>\n<\/div>\n<\/div>\n<\/div>\n<\/div>\n<\/div>\n    <\/div>\n  <\/div>\n\n      \n    \n<\/div>\n\n<\/div>\n<\/div>\n\n<\/div><div class=\"bde-advanced-tabs-content-153-105 bde-advanced-tabs-content\">\n<div tabindex=\"0\" role=\"tabpanel\" class=\"bde-tabs__panel js-panel\" id=\"\" hidden=\"\" aria-labelledby=\"\">\n  <div class=\"bde-columns-153-138 bde-columns\"><div class=\"bde-column-153-139 bde-column\">\n  \n\t\n\n\n\n<h1 class=\"bde-heading-153-144 bde-heading\">\nPresentations\n<\/h1><div class=\"bde-rich-text-153-141 bde-rich-text breakdance-rich-text-styles\">\n<p><span style=\"font-weight: 400;\">We have shared our practices at numerous events, including, for example:\u00a0<\/span><\/p><ul><li><span style=\"font-weight: 400;\">Hiiumaa Entrepreneurship Week (7.10.2020). Presentation to watch <\/span><a href=\"https:\/\/www.youtube.com\/watch?v=8DijKRZZcRM&amp;ab_channel=HiiumaaArenduskeskus\"><span style=\"font-weight: 400;\">in Youtube<\/span><\/a><span style=\"font-weight: 400;\">.<\/span><\/li><li><span style=\"font-weight: 400;\">\"Ideas Flavors Experiences\" conference at the Kultuurikatel (11.11.2019).\u00a0<\/span><\/li><li><span style=\"font-weight: 400;\">Circular economy vision seminar of Tallinn University of Technology (24.10.2019). An introduction to the program can be found <\/span><a href=\"https:\/\/www.tktk.ee\/visiooniseminar-ringmajandus\/\"><span style=\"font-weight: 400;\">here<\/span><\/a><span style=\"font-weight: 400;\">.<\/span><\/li><li><span style=\"font-weight: 400;\">\"Cultural compass: How to organize culture in an environmentally conscious way?\" (21.08.2019). Presentation <\/span><a href=\"https:\/\/www.youtube.com\/watch?v=cJJVxf0-VrU&amp;ab_channel=Tartu2024\"><span style=\"font-weight: 400;\">in Youtube<\/span><\/a><span style=\"font-weight: 400;\">.<\/span><\/li><li><span style=\"font-weight: 400;\">Tartu Loodusmaja seminar \"Environmentally friendly public events\" (October 5, 2018). The summaries of the seminar are located <\/span><a href=\"https:\/\/www.tartuloodusmaja.ee\/seminari-keskkonnasobralikud-avalikud-uritused-5-10-2018-kokkuvote\/\"><span style=\"font-weight: 400;\">here<\/span><\/a><span style=\"font-weight: 400;\">.<\/span><\/li><\/ul><p><span style=\"font-weight: 400;\">We belong to Tartu Loodusmaja <\/span><a href=\"https:\/\/www.facebook.com\/groups\/1257579341048539\/\"><span style=\"font-weight: 400;\">\"Green events\"<\/span><\/a><span style=\"font-weight: 400;\"> Facebook group, gave the insights to <\/span><a href=\"https:\/\/www.tartuloodusmaja.ee\/wp-content\/uploads\/2020\/11\/green_guidlines_uuendatud_28_10_20.pdf\"><span style=\"font-weight: 400;\">\"A practical guide to organizing environmentally friendly events\"<\/span><\/a><span style=\"font-weight: 400;\"> handbook and to Anastasia Kaivel's final research paper <\/span><a href=\"https:\/\/core.ac.uk\/download\/pdf\/227557101.pdf\"><span style=\"font-weight: 400;\">\"Implementation of environmental sustainability in the organization of events in Estonia\"<\/span><\/a><span style=\"font-weight: 400;\">.\u00a0\u00a0<\/span><\/p>\n<\/div>\n<\/div><div class=\"bde-column-153-140 bde-column\">\n              \n  \n\t\n\n  <div class=\"section-background-overlay\"><\/div>\n\n\n\n<\/div><\/div>\n<\/div>\n\n<\/div>\n<\/div>\n\n\n<\/div>\n<\/div>","protected":false},"excerpt":{"rendered":"<p>Artiklid Videod Esitlused 2019 05.07\u00a0M\u00fc\u00fcrileht \u2013 I Land Soundi korraldajad r\u00f5huvad keskkonnateadlikkusele12.07\u00a0Sky Media \u2013 V\u00e4lja m\u00fc\u00fcdud Eesti festival I Land Sound v\u00f5ttis vastu enneolematu otsuse12.07\u00a0Maaleht \u2013 Festivalil I Land Sound katsetatakse korduskasutatavate joogitopside kiirpesumasinaid17.07\u00a0Eesti P\u00e4evaleht \u2013 Festivalide korraldajad p\u00fc\u00fcdlevad roheluse poole02.09\u00a0Vikerraadio \u2013 \u00d6koskoop02.09\u00a0Osoon \u2013 Keskkonnas\u00f5bralikud \u00fcritused03.09\u00a0Menu ERR\u00a0 \u2013 Looduss\u00f5bralikud suvefestivalid kasutasid pr\u00fcgi isegi lavakujunduses04.09\u00a0Novaator ERR [&hellip;]<\/p>","protected":false},"author":1,"featured_media":0,"parent":0,"menu_order":0,"comment_status":"closed","ping_status":"closed","template":"","meta":{"footnotes":"","_breakdance_hide_in_design_set":false,"_breakdance_tags":""},"_links":{"self":[{"href":"https:\/\/ilandgreen.ee\/en\/wp-json\/wp\/v2\/pages\/42"}],"collection":[{"href":"https:\/\/ilandgreen.ee\/en\/wp-json\/wp\/v2\/pages"}],"about":[{"href":"https:\/\/ilandgreen.ee\/en\/wp-json\/wp\/v2\/types\/page"}],"author":[{"embeddable":true,"href":"https:\/\/ilandgreen.ee\/en\/wp-json\/wp\/v2\/users\/1"}],"replies":[{"embeddable":true,"href":"https:\/\/ilandgreen.ee\/en\/wp-json\/wp\/v2\/comments?post=42"}],"version-history":[{"count":5,"href":"https:\/\/ilandgreen.ee\/en\/wp-json\/wp\/v2\/pages\/42\/revisions"}],"predecessor-version":[{"id":1136,"href":"https:\/\/ilandgreen.ee\/en\/wp-json\/wp\/v2\/pages\/42\/revisions\/1136"}],"wp:attachment":[{"href":"https:\/\/ilandgreen.ee\/en\/wp-json\/wp\/v2\/media?parent=42"}],"curies":[{"name":"wp","href":"https:\/\/api.w.org\/{rel}","templated":true}]}}