{"id":28,"date":"2024-01-16T12:20:25","date_gmt":"2024-01-16T12:20:25","guid":{"rendered":"https:\/\/ilandgreen.ee\/?page_id=28"},"modified":"2024-03-27T15:02:36","modified_gmt":"2024-03-27T15:02:36","slug":"avaleht","status":"publish","type":"page","link":"https:\/\/ilandgreen.ee\/en\/","title":{"rendered":"Home"},"content":{"rendered":"<section class=\"bde-section-28-133 bde-section\">\n  \n\t\n\n\n\n<div class=\"section-container\"><h1 class=\"bde-dual-heading-28-145 bde-dual-heading\">\n\n\n            <span data-style=\"primary\" class=\"dual-heading--primary\">I LAND GREEN-<\/span>\n\n            <span data-style=\"secondary\" class=\"dual-heading--secondary  js-annotate\">GREEN FESTIVAL<\/span>\n\n\n\n<\/h1><div class=\"bde-rich-text-28-132 bde-rich-text breakdance-rich-text-styles\">\n<p><span style=\"font-weight: 400;\">Since the first year of the I Land Sound festival (2017), we have tried to organize our event in an environmentally friendly way, which is why we have adopted the so-called development of the green festival. At the beginning of the third year, we gathered all the green activities under a common denominator and the festival's environmental project I Land Green was born. As part of this, we figure out new activities for every year, how to leave a smaller and smaller footprint of our festival.<\/span><\/p><p><span style=\"font-weight: 400;\">We produce more than we can consume and take more than we give back. We face large-scale waste pollution, land degradation from intensive agriculture, overproduction, deforestation, food waste, biodiversity loss and climate change from greenhouse gases. Every field must contribute to move towards a cleaner living environment, including public events, especially since they have even been named <a href=\"https:\/\/www.csmonitor.com\/Environment\/2018\/0919\/Can-outdoor-festivals-shed-environmental-disaster-label-and-go-green\" target=\"_blank\" rel=\"noopener\">environmental disasters<\/a>. And because of that environmentally friendly event management gets even more attention.<\/span><\/p><p><span style=\"font-weight: 400;\">I Land Green is a helpful guide in this challenge. We will make an overview of all the different areas of an environmentally friendly event, which should be taken into account when organizing it. We give tips on how you can help as a guest of the festival. We will also present what we, as the I Land Sound festival team, have done in various areas and plan to do, as we believe that sharing good practices and learning from each other is necessary.\u00a0<\/span><\/p>\n<\/div><\/div>\n<\/section><section class=\"bde-section-28-113 bde-section\">\n  \n\t\n\n\n\n<div class=\"section-container\"><div class=\"bde-image-accordion-28-115 bde-image-accordion\">\n\n  \n    \n    <div class=\"ee-image-accordion-item ee-image-accordion-item-1\">\n\n                            \n            \n            \n\n    \n    \n    \n    \n    <a class=\"breakdance-link ee-image-accordion-link\" href=\"https:\/\/ilandgreen.ee\/en\/kulastaja\/\" target=\"_self\" data-type=\"url\"  >\n    <\/a>\n\n            \n       \n\n                    \n                      <div class=\"ee-image-accordion-content-item ee-image-accordion-title\" >Festivalgoer<\/div>\n          \n                      <div class=\"ee-image-accordion-content-item ee-image-accordion-desc\"  >Read more<\/div>\n          \n      \n                          \n  \n  \n  \n  \n      \n      <img loading=\"lazy\" decoding=\"async\"\n      class=\"breakdance-image-object\"\n      src=\"https:\/\/ilandgreen.ee\/wp-content\/uploads\/2024\/01\/kulastaja1.jpg\"\n      width=\"2560\"\n      height=\"1707\"\n      \n      \n                                    srcset=\"https:\/\/ilandgreen.ee\/wp-content\/uploads\/2024\/01\/kulastaja1.jpg 2560w, https:\/\/ilandgreen.ee\/wp-content\/uploads\/2024\/01\/kulastaja1-300x200.jpg 300w, https:\/\/ilandgreen.ee\/wp-content\/uploads\/2024\/01\/kulastaja1-1024x683.jpg 1024w, https:\/\/ilandgreen.ee\/wp-content\/uploads\/2024\/01\/kulastaja1-768x512.jpg 768w, https:\/\/ilandgreen.ee\/wp-content\/uploads\/2024\/01\/kulastaja1-1536x1024.jpg 1536w, https:\/\/ilandgreen.ee\/wp-content\/uploads\/2024\/01\/kulastaja1-2048x1366.jpg 2048w\"\n                                                                      >\n  \n        \n    <\/div>\n\n  \n    \n    <div class=\"ee-image-accordion-item ee-image-accordion-item-2\">\n\n                            \n            \n            \n\n    \n    \n    \n    \n    <a class=\"breakdance-link ee-image-accordion-link\" href=\"https:\/\/ilandgreen.ee\/en\/tunnustused\/\" target=\"_self\" data-type=\"url\"  >\n    <\/a>\n\n            \n       \n\n                    \n                      <div class=\"ee-image-accordion-content-item ee-image-accordion-title\" >Acknowledgements<\/div>\n          \n                      <div class=\"ee-image-accordion-content-item ee-image-accordion-desc\"  >Read more<\/div>\n          \n      \n                          \n  \n  \n  \n  \n      \n      <img loading=\"lazy\" decoding=\"async\"\n      class=\"breakdance-image-object\"\n      src=\"https:\/\/ilandgreen.ee\/wp-content\/uploads\/2024\/01\/iland1-4.jpg\"\n      width=\"2024\"\n      height=\"1350\"\n      \n      \n                                    srcset=\"https:\/\/ilandgreen.ee\/wp-content\/uploads\/2024\/01\/iland1-4.jpg 2024w, https:\/\/ilandgreen.ee\/wp-content\/uploads\/2024\/01\/iland1-4-300x200.jpg 300w, https:\/\/ilandgreen.ee\/wp-content\/uploads\/2024\/01\/iland1-4-1024x683.jpg 1024w, https:\/\/ilandgreen.ee\/wp-content\/uploads\/2024\/01\/iland1-4-768x512.jpg 768w, https:\/\/ilandgreen.ee\/wp-content\/uploads\/2024\/01\/iland1-4-1536x1025.jpg 1536w\"\n                                                                      >\n  \n        \n    <\/div>\n\n  <\/div><\/div>\n<\/section><section class=\"bde-section-28-119 bde-section\">\n  \n\t\n\n\n\n<div class=\"section-container\"><div class=\"bde-image-accordion-28-114 bde-image-accordion\">\n\n  \n    \n    <div class=\"ee-image-accordion-item ee-image-accordion-item-1\">\n\n                            \n            \n            \n\n    \n    \n    \n    \n    <a class=\"breakdance-link ee-image-accordion-link\" href=\"https:\/\/ilandgreen.ee\/en\/kaasaloojad\/\" target=\"_self\" data-type=\"url\"  >\n    <\/a>\n\n            \n       \n\n                    \n                      <div class=\"ee-image-accordion-content-item ee-image-accordion-title\" >Partners<\/div>\n          \n                      <div class=\"ee-image-accordion-content-item ee-image-accordion-desc\"  >Read more<\/div>\n          \n      \n                          \n  \n  \n  \n  \n      \n      <img loading=\"lazy\" decoding=\"async\"\n      class=\"breakdance-image-object\"\n      src=\"https:\/\/ilandgreen.ee\/wp-content\/uploads\/2024\/02\/Untitled_Panorama1.jpg\"\n      width=\"2024\"\n      height=\"683\"\n      \n      \n                                    srcset=\"https:\/\/ilandgreen.ee\/wp-content\/uploads\/2024\/02\/Untitled_Panorama1.jpg 2024w, https:\/\/ilandgreen.ee\/wp-content\/uploads\/2024\/02\/Untitled_Panorama1-300x101.jpg 300w, https:\/\/ilandgreen.ee\/wp-content\/uploads\/2024\/02\/Untitled_Panorama1-1024x346.jpg 1024w, https:\/\/ilandgreen.ee\/wp-content\/uploads\/2024\/02\/Untitled_Panorama1-768x259.jpg 768w, https:\/\/ilandgreen.ee\/wp-content\/uploads\/2024\/02\/Untitled_Panorama1-1536x518.jpg 1536w\"\n                                                                      >\n  \n        \n    <\/div>\n\n  <\/div><\/div>\n<\/section><section class=\"bde-section-28-136 bde-section\">\n  \n\t\n\n\n\n<div class=\"section-container\"><div class=\"bde-columns-28-137 bde-columns\"><div class=\"bde-column-28-138 bde-column\">\n  \n\t\n\n\n\n<h2 class=\"bde-heading-28-139 bde-heading\">\nJoin the community\n<\/h2><div class=\"bde-text-28-140 bde-text\">\nInsider offers and the latest news!\n<\/div>\n<\/div><div class=\"bde-column-28-141 bde-column\">\n  \n\t\n\n\n\n<div class=\"bde-code-block-28-148 bde-code-block\">\n\n  <form id=\"smly\" action=\"https:\/\/TESTTEST.sendsmaily.net\/api\/opt-in\/\" method=\"post\" data-trp-original-action=\"https:\/\/TESTTEST.sendsmaily.net\/api\/opt-in\/\">\n    <p class=\"error\" style=\"padding:15px;background-color:#f2dede;margin:0 0 10px;display:none\"><\/p>\n    <p class=\"success\" style=\"padding:15px;background-color:#dff0d8;margin:0 0 10px;display:none\">Thank you for subscribing to our newsletter.<\/p>\n    <input type=\"hidden\" name=\"lang\" value=\"et\" \/>\n    <input type=\"hidden\" name=\"success_url\" value=\"https:\/\/ilandgreen.ee\" \/>\n    <input type=\"hidden\" name=\"failure_url\" value=\"https:\/\/ilandgreen.ee \/>            <div class=\"form-row\">\n        <input type=\"text\" name=\"name\" value=\"\" class=\"smaily_nimi\" placeholder=\"Name\" required>\n        <input type=\"text\" name=\"email\" value=\"\" class=\"smaily_email\" placeholder=\"Email\" required>\n        <button type=\"submit\" class=\"button-atom button-atom--primary breakdance-form-button breakdance-form-button__submit\">Sign up<\/button>\n    <\/div>\n<input type=\"hidden\" name=\"trp-form-language\" value=\"en\"\/><input type=\"hidden\" name=\"trp-form-language\" value=\"en\"\/><\/form>\n\n\n<\/div>\n<\/div><\/div><\/div>\n<\/section>","protected":false},"excerpt":{"rendered":"<p>I LAND GREEN- ROHELINE FESTIVAL Oleme I Land Sound festivali algusaastast alates (2017) p\u00fc\u00fcdnud oma \u00fcritust korraldada looduss\u00e4\u00e4stlikult, mist\u00f6ttu oleme muusika- ja kunstielamuse k\u00f6rval samav\u00e4\u00e4rselt oluliseks suunaks v\u00f6tnud nn. rohelise festivali arendamise. Kolmanda aasta hakul koondasime k\u00f6ik rohetegevused \u00fchise nimetaja alla ja s\u00fcndiski festivali keskkonnaprojekt I Land Green. Selle raames nuputame igaks aastaks v\u00e4lja uusi [&hellip;]<\/p>","protected":false},"author":1,"featured_media":0,"parent":0,"menu_order":0,"comment_status":"closed","ping_status":"closed","template":"","meta":{"footnotes":"","_breakdance_hide_in_design_set":false,"_breakdance_tags":""},"_links":{"self":[{"href":"https:\/\/ilandgreen.ee\/en\/wp-json\/wp\/v2\/pages\/28"}],"collection":[{"href":"https:\/\/ilandgreen.ee\/en\/wp-json\/wp\/v2\/pages"}],"about":[{"href":"https:\/\/ilandgreen.ee\/en\/wp-json\/wp\/v2\/types\/page"}],"author":[{"embeddable":true,"href":"https:\/\/ilandgreen.ee\/en\/wp-json\/wp\/v2\/users\/1"}],"replies":[{"embeddable":true,"href":"https:\/\/ilandgreen.ee\/en\/wp-json\/wp\/v2\/comments?post=28"}],"version-history":[{"count":5,"href":"https:\/\/ilandgreen.ee\/en\/wp-json\/wp\/v2\/pages\/28\/revisions"}],"predecessor-version":[{"id":1738,"href":"https:\/\/ilandgreen.ee\/en\/wp-json\/wp\/v2\/pages\/28\/revisions\/1738"}],"wp:attachment":[{"href":"https:\/\/ilandgreen.ee\/en\/wp-json\/wp\/v2\/media?parent=28"}],"curies":[{"name":"wp","href":"https:\/\/api.w.org\/{rel}","templated":true}]}}