{"id":1245,"date":"2024-02-13T16:04:01","date_gmt":"2024-02-13T16:04:01","guid":{"rendered":"https:\/\/ilandgreen.ee\/?page_id=1245"},"modified":"2024-03-11T11:05:18","modified_gmt":"2024-03-11T11:05:18","slug":"keskonnaalased-kommunikatsioonitegevused","status":"publish","type":"page","link":"https:\/\/ilandgreen.ee\/en\/keskonnaalased-kommunikatsioonitegevused\/","title":{"rendered":"Keskonnaalased kommunikatsioonitegevused"},"content":{"rendered":"<section class=\"bde-section-1245-100 bde-section\">\n  \n\t\n\n\n\n<div class=\"section-container\"><\/div>\n<\/section><section class=\"bde-section-1245-101 bde-section\">\n  \n\t\n\n\n\n<div class=\"section-container\"><div class=\"bde-rich-text-1245-102 bde-rich-text breakdance-rich-text-styles\">\n<h2>Environmental communication<br \/>activities<\/h2><p>The power of the events is to set a positive example and to inspire and educate a very large number of target groups. Therefore, special projects aimed at environmental awareness have become the fourth main area of \u200b\u200bour activities.\u00a0<\/p><ul><li><p>Does the event include activities\/information to raise environmental awareness among the audience? If so, whether and how its results will be passed on (feedback surveys, etc.).<\/p><\/li><li><p>Does the organizer carry out environmental communication activities among the general public as well?\u00a0<\/p><\/li><li><p>Does the organizer share the results of their event's green activities with the public? E.g. waste quantities, new developments, etc.<\/p><\/li><\/ul>\n<\/div><\/div>\n<\/section>","protected":false},"excerpt":{"rendered":"<p>Keskkonnaalased kommunikatsiooni-tegevused\u00dcrituste v\u00f6imuses on anda positiivset eeskuju ja oma suure ulatuse t\u00f6ttu v\u00f6imalus inspireerida ning harida v\u00e4ga suurt hulka sihtgruppe. Seet\u00f6ttu on keskkonnateadlikkusele suunatud eriprojektid saanud meie tegemiste neljandaks peamiseks valdkonnaks.\u00a0Kas \u00fcritus h\u00f6lmab tegevusi\/teavitusi publiku keskkonnateadlikkuse t\u00f6stmiseks? Kui jaa, siis kas ja kuidas selle tulemusi ka m\u00f6\u00f6detakse (tagasiside k\u00fcsitlused, jms.).Kas korraldaja teeb keskkonnaalaseid kommunikatsioonitegevusi ka [&hellip;]<\/p>","protected":false},"author":2,"featured_media":0,"parent":0,"menu_order":0,"comment_status":"closed","ping_status":"closed","template":"","meta":{"footnotes":"","_breakdance_hide_in_design_set":false,"_breakdance_tags":""},"_links":{"self":[{"href":"https:\/\/ilandgreen.ee\/en\/wp-json\/wp\/v2\/pages\/1245"}],"collection":[{"href":"https:\/\/ilandgreen.ee\/en\/wp-json\/wp\/v2\/pages"}],"about":[{"href":"https:\/\/ilandgreen.ee\/en\/wp-json\/wp\/v2\/types\/page"}],"author":[{"embeddable":true,"href":"https:\/\/ilandgreen.ee\/en\/wp-json\/wp\/v2\/users\/2"}],"replies":[{"embeddable":true,"href":"https:\/\/ilandgreen.ee\/en\/wp-json\/wp\/v2\/comments?post=1245"}],"version-history":[{"count":5,"href":"https:\/\/ilandgreen.ee\/en\/wp-json\/wp\/v2\/pages\/1245\/revisions"}],"predecessor-version":[{"id":1703,"href":"https:\/\/ilandgreen.ee\/en\/wp-json\/wp\/v2\/pages\/1245\/revisions\/1703"}],"wp:attachment":[{"href":"https:\/\/ilandgreen.ee\/en\/wp-json\/wp\/v2\/media?parent=1245"}],"curies":[{"name":"wp","href":"https:\/\/api.w.org\/{rel}","templated":true}]}}